{"id":7934,"date":"2023-03-01T12:14:21","date_gmt":"2023-03-01T12:14:21","guid":{"rendered":"https:\/\/asnyk.edu.pl\/?page_id=7934"},"modified":"2025-01-06T12:52:21","modified_gmt":"2025-01-06T12:52:21","slug":"wspolpraca-z-atk","status":"publish","type":"page","link":"https:\/\/asnyk.edu.pl\/?page_id=7934","title":{"rendered":"Wsp\u00f3\u0142praca z Uniwersytetem Bielsko-Bialskim"},"content":{"rendered":"\n<figure class=\"wp-block-image size-large\"><img loading=\"lazy\" decoding=\"async\" width=\"1500\" height=\"434\" src=\"https:\/\/asnyk.edu.pl\/wp-content\/uploads\/2023\/12\/logo-poziom-pl-granat-jpg-1500x434.jpg\" alt=\"\" class=\"wp-image-11601\" srcset=\"https:\/\/asnyk.edu.pl\/wp-content\/uploads\/2023\/12\/logo-poziom-pl-granat-jpg-1500x434.jpg 1500w, https:\/\/asnyk.edu.pl\/wp-content\/uploads\/2023\/12\/logo-poziom-pl-granat-jpg-505x146.jpg 505w, https:\/\/asnyk.edu.pl\/wp-content\/uploads\/2023\/12\/logo-poziom-pl-granat-jpg-205x59.jpg 205w, https:\/\/asnyk.edu.pl\/wp-content\/uploads\/2023\/12\/logo-poziom-pl-granat-jpg-768x222.jpg 768w, https:\/\/asnyk.edu.pl\/wp-content\/uploads\/2023\/12\/logo-poziom-pl-granat-jpg-1536x444.jpg 1536w, https:\/\/asnyk.edu.pl\/wp-content\/uploads\/2023\/12\/logo-poziom-pl-granat-jpg-2048x593.jpg 2048w, https:\/\/asnyk.edu.pl\/wp-content\/uploads\/2023\/12\/logo-poziom-pl-granat-jpg-1000x288.jpg 1000w, https:\/\/asnyk.edu.pl\/wp-content\/uploads\/2023\/12\/logo-poziom-pl-granat-jpg-500x145.jpg 500w\" sizes=\"auto, (max-width: 1500px) 100vw, 1500px\" \/><\/figure>\n\n\n\n<p>Wsp\u00f3\u0142praca pomi\u0119dzy Biurem Karier Uniwersytetu Bielsko-Bialskiego, a II LO im. A. Asnyka ma wieloletni\u0105 tradycj\u0119 i obejmuje r\u00f3\u017cne inicjatywy, realizowane projekty oraz wydarzenia w celu wsparcia w wyborach edukacyjno-zawodowych m\u0142odzie\u017cy. \u00a0<\/p>\n<p>Przyk\u0142adami form wsp\u00f3\u0142pracy w ostatnich 3 latach s\u0105:<\/p>\n<p>&#8211; otwarto\u015b\u0107 na przyjmowanie uczni\u00f3w na praktyk\u0119 w ramach \u201eUcze\u0144 w firmie lub instytucji\u201d, organizowan\u0105 przez Fundacj\u0119 M\u0142odzie\u017cowej Przedsi\u0119biorczo\u015bci;<\/p>\n<p>&#8211; spotkanie w Uniwersytecie dla dyrektor\u00f3w szk\u00f3\u0142 \u2013 prezentacja Biura Karier pn: \u201e<em>Opracowanie wsp\u00f3lnych inicjatyw, kt\u00f3re zach\u0119c\u0105 m\u0142odzie\u017c do pozostania w mie\u015bcie\u201d;<\/em><\/p>\n<p>&#8211;\u00a0dzie\u0144 warsztat\u00f3w pn. Przedsi\u0119biorczo\u015b\u0107 w planowaniu kariery, jako jedna z kluczowych kompetencji na rynku pracy w ramach\u00a0Festiwalu Nauk \u015acis\u0142ych w II LO im. A. Asnyka;<\/p>\n<p>&#8211; Targi Pracy organizowane w murach Uniwersytetu Bielsko-Bialskiego;<\/p>\n<p>&#8211; \u015acie\u017cki S\u0142u\u017cbowe: Targi Zawod\u00f3w Publicznych.<\/p>\n\n\n\n<p>Wsp\u00f3\u0142praca z Instytucjami:<\/p>\n<p>dr Dagmara Mika Kierownik Dzia\u0142u Wsp\u00f3\u0142pracy Mi\u0119dzynarodowej \/ Head of International Office<\/p>\n<p>Koordynator Uczelniany ds. Praktyk Mi\u0119dzynarodowych i Doradztwa Edukacyjnego \/ <br \/>Institutional Coordinator for Internships and Education Advisory<\/p>\n<p>Dzia\u0142 Wsp\u00f3\u0142pracy Mi\u0119dzynarodowej \/ International Relations Office<\/p>\n<p>Uzupe\u0142nienie wsp\u00f3\u0142pracy<\/p>\n<p>mgr Izabela Konior<\/p>\n<p>Kierownik Biura Karier<\/p>\n<p>Uniwersytetu Bielsko-Bialskiego<\/p>\n<p>ul. Willowa 2,43-309 Bielsko-Bia\u0142a<\/p>\n<p>W roku szkolnym 2023\/2024 II Liceum og\u00f3lnokszta\u0142c\u0105ce w Bielsku-Bia\u0142ej im. Adama Asnyka bra\u0142o udzia\u0142 w konkursie organizowanym przez Uniwersytet Bielsko-Bialski pt. \u201eUdzia\u0142 m\u0142odego cz\u0142o\u00adwieka w europejskiej przestrzeni spo\u0142eczno-gospodarczo-kulturalnej\u201d. Konkurs obejmowa\u0142 cztery rundy, w trakcie kt\u00f3rych uczniowie podnosili swoje kompetencje z zakresu:<\/p>\n<ul>\n<li>nauki tworzenia modeli biznesowych; opracowanie i prezentacja biznes planu dotycz\u0105cego zadanego przedsi\u0119wzi\u0119cia za pomoc\u0105 metody canvas;<\/li>\n<li>sprawdzenia wiedzy na temat europejskiej przestrzeni gospodarczej, spo\u0142ecznej i kulturalnej;<\/li>\n<li>zmotywowania m\u0142odych ludzi do otwartego i umiej\u0119tnego wyra\u017cania swoich pogl\u0105d\u00f3w oraz obrony argument\u00f3w;<\/li>\n<li>zach\u0119cania uczni\u00f3w do wyra\u017cania w\u0142asnych pogl\u0105d\u00f3w i uzasadniania ich podczas dyskusji pub\u00adli\u00adcznej.<\/li>\n<\/ul>\n<p>W roku szkolnym 2024\/2025 II Liceum Og\u00f3lnokszta\u0142c\u0105ce im. Adama Asnyka bierze udzia\u0142 w kontynuacji konkursu, kt\u00f3ry podejmuje obecnie tematyk\u0119 kompetencji cyfrowych oraz przedsi\u0119biorczo\u015bci \u2013 \u201eKompetencje cyfrowe i wyzwania wsp\u00f3\u0142czesnego rynku pracy\u201d. Konkurs sk\u0142ada si\u0119 z kilku etap\u00f3w oraz rozwija umiej\u0119tno\u015bci w zakresie:<\/p>\n<p>a) zdobywania przez uczni\u00f3w umiej\u0119tno\u015bci tworzenia modeli biznesowych za pomoc\u0105 metody canvas;<\/p>\n<p>b) zdobywania przez uczni\u00f3w wiedzy na temat europejskiego rynku pracy oraz wykorzystania kompetencji cyfrowych w przysz\u0142ej pracy;<\/p>\n<p>c) zdobywania przez uczni\u00f3w umiej\u0119tno\u015bci cyfrowych w zakresie wirtualnego prototypowania;<\/p>\n<p>d) rozwijania przez uczni\u00f3w umiej\u0119tno\u015bci wyra\u017cania swoich pogl\u0105d\u00f3w oraz obrony argument\u00f3w.<\/p>\n<p>II Liceum Og\u00f3lnokszta\u0142c\u0105ce im. Adama Asnyka w Bielsku-Bia\u0142ej od maja 2023 roku uczestniczy w projekcie pt. &#8222;Centrum Wolontariatu M\u0142odzie\u017cy w Bielsku-Bia\u0142ej &#8211; odpowied\u017a na realne potrzeby m\u0142odych!\u201d, realizowany w ramach Rz\u0105dowego Programu Funduszu Inicjatyw Obywatelskich na lata 2021-2030, NOWEFIO.<\/p>\n<p>Centrum jest ide\u0105 powsta\u0142\u0105 przy \u015bcis\u0142ej wsp\u00f3\u0142pracy Fundacji Edukacji Pozaformalnej w Bielsku-Bia\u0142ej z Pe\u0142nomocnikiem Prezydenta Miasta ds. Os\u00f3b M\u0142odych oraz M\u0142odzie\u017cow\u0105 Rad\u0105 Miasta pod Honorowym Patronatem Prezydenta Miasta Jaros\u0142awa Klimaszewskiego. G\u0142\u00f3wnym celem podejmowanych dzia\u0142a\u0144 jest zwi\u0119kszenie udzia\u0142u m\u0142odzie\u017cy Bielska-Bia\u0142ej i okolic w \u017cyciu obywatelskich i publicznym. Projekt odpowiada na realne potrzeby i problemy m\u0142odzie\u017cy wynikaj\u0105ce z d\u0142ugofalowego okresu pandemii, kt\u00f3ry przyczyni\u0142 si\u0119 z znacznym stopniu do wyalienowania m\u0142odych ludzi i pozbawienia ich mo\u017cliwo\u015bci budowy relacji z r\u00f3wie\u015bnikami, czy te\u017c czynnego udzia\u0142u w \u017cyciu spo\u0142ecznym, kulturalnym.<\/p>\n<p>Ponadto projekt zak\u0142ada wyposa\u017cenie m\u0142odzie\u017cy w odpowiednie i potrzebne kompetencje do budowania wolontariatu oraz podejmowania konkretnych dzia\u0142a\u0144 we wskazanej przestrzeni. W ramach projektu zaplanowano przeprowadzenie pakietu trzydziestu godzin specjalistycznych szkole\u0144 rozwijaj\u0105cych kompetencje interpersonalne uczni\u00f3w w osiemnastu szko\u0142ach ponadpodstawowych w Bielsku-Bia\u0142ej. Program szkoleniowy obejmuje trzy bloki tematyczne: budowania kompetencji mi\u0119kkich, wolontariusz w akcji, wolontariusz w sieci \u2013 budowanie marki, promocja wolontariatu w sieci, promocja wolontariatu w mediach spo\u0142eczno\u015bciowych, tworzenie tre\u015bci, budowanie spo\u0142eczno\u015bci.<\/p>\n<p>W roku szkolnym 2023\/2024 oraz 2024\/2025 uczniowie II Liceum Og\u00f3lnokszta\u0142c\u0105cego odbyli cykl 30 godzin szkoleniowych.<\/p>\n<p>Opiekunem uczni\u00f3w oraz mentorem jest p. mgr Robert Michalski.<\/p>\n\n\n\n<figure class=\"wp-block-image size-full\"><img loading=\"lazy\" decoding=\"async\" width=\"750\" height=\"554\" src=\"https:\/\/asnyk.edu.pl\/wp-content\/uploads\/2023\/03\/Rysunek2str.webp\" alt=\"\" class=\"wp-image-7935\" srcset=\"https:\/\/asnyk.edu.pl\/wp-content\/uploads\/2023\/03\/Rysunek2str.webp 750w, https:\/\/asnyk.edu.pl\/wp-content\/uploads\/2023\/03\/Rysunek2str-505x373.webp 505w, https:\/\/asnyk.edu.pl\/wp-content\/uploads\/2023\/03\/Rysunek2str-205x151.webp 205w, https:\/\/asnyk.edu.pl\/wp-content\/uploads\/2023\/03\/Rysunek2str-406x300.webp 406w\" sizes=\"auto, (max-width: 750px) 100vw, 750px\" \/><\/figure>\n\n\n\n<p>W dniu 2 marca 2017 roku odby\u0142o si\u0119 uroczyste podpisanie Umowy Patronackiej pomi\u0119dzy Akademi\u0105 Techniczno-Humanistyczn\u0105 w Bielsku-Bia\u0142ej, reprezentowan\u0105 przez rektora ATH\u00a0\u00a0prof. Jaros\u0142awa Janic-kiego a II Liceum Og\u00f3lnokszta\u0142c\u0105cym im A. Asnyka w Bielsku-Bia\u0142ej, reprezentowanym przez dyrektora szko\u0142y mgr Barbar\u0119 Drwal. W ramach Patronatu na Wydziale In\u017cynierii Materia\u0142\u00f3w, Budownictwa i \u015arodowiska realizowany jest\u00a0 cykl \u0107wicze\u0144 laboratoryjnych dla uczni\u00f3w klas o profilu biologiczno-chemicznym.\u00a0<\/p>\n<p>Celem Patronatu jest sprawowanie przez Wydzia\u0142 In\u017cynierii Materia\u0142\u00f3w, Budownictwa i \u015arodowiska \u00a0Uczelni opieki naukowo-dydaktycznej nad klasami o profilu biologiczno-chemicznym Szko\u0142y poprzez wsp\u00f3lne inicjatywy edukacyjne, uwzgl\u0119dniaj\u0105ce oczekiwania, wymagania i mo\u017cliwo\u015bci ka\u017cdej ze Stron, w nast\u0119puj\u0105cych formach wsp\u00f3\u0142pracy: przekazywanie informacji ze strony Uczelni o organizowanych konferencjach, sympozjach, drzwiach otwartych i innych wydarzeniach naukowych; popularyzowanie i uatrakcyjnianie nauczania przedmiot\u00f3w przyrodniczych; udzia\u0142 uczni\u00f3w Szko\u0142y w zaj\u0119ciach laboratoryjnych na terenie Uczelni; organizacja warsztat\u00f3w naukowych na terenie Szko\u0142y; udzia\u0142 w Konkursach organizowanych przez Uczelni\u0119; umo\u017cliwienie zwiedzania Uczelni przez uczni\u00f3w. Zaj\u0119cia laboratoryjne s\u0105 g\u0142\u00f3wnym celem wsp\u00f3\u0142pracy \u00a0i stanowi\u0105\u00a0 rozszerzenie wymaga\u0144 podstawy programowej dla przedmiot\u00f3w biologia i chemia na poziomie szko\u0142y \u015bredniej.<\/p>\n<p>W dniu 14 grudnia 2020 r.\u00a0 w rektoracie ATH odby\u0142o si\u0119 spotkanie JM Rektora dr hab. in\u017c. Jacka Nowakowskiego z\u00a0 pani\u0105 dyrektor Barbar\u0105 Drwal oraz z pani\u0105 pedagog szkoln\u0105 Hann\u0105 Talik. Podczas spotkania odnowiono i zaktualizowano relacje pomi\u0119dzy obiema plac\u00f3wkami, kt\u00f3re wi\u0105\u017ce umowa o wsp\u00f3\u0142pracy zawarta w 2014 r.<\/p>\n\n\n\n<figure class=\"wp-block-gallery has-nested-images columns-default is-cropped wp-block-gallery-1 is-layout-flex wp-block-gallery-is-layout-flex\">\n<figure class=\"wp-block-image size-large\"><img loading=\"lazy\" decoding=\"async\" width=\"1500\" height=\"1002\" data-id=\"7962\" src=\"https:\/\/asnyk.edu.pl\/wp-content\/uploads\/2023\/03\/3_1797x1200-1500x1002.jpg\" alt=\"\" class=\"wp-image-7962\" srcset=\"https:\/\/asnyk.edu.pl\/wp-content\/uploads\/2023\/03\/3_1797x1200-1500x1002.jpg 1500w, https:\/\/asnyk.edu.pl\/wp-content\/uploads\/2023\/03\/3_1797x1200-505x337.jpg 505w, https:\/\/asnyk.edu.pl\/wp-content\/uploads\/2023\/03\/3_1797x1200-205x137.jpg 205w, https:\/\/asnyk.edu.pl\/wp-content\/uploads\/2023\/03\/3_1797x1200-768x513.jpg 768w, https:\/\/asnyk.edu.pl\/wp-content\/uploads\/2023\/03\/3_1797x1200-1536x1026.jpg 1536w, https:\/\/asnyk.edu.pl\/wp-content\/uploads\/2023\/03\/3_1797x1200-449x300.jpg 449w, https:\/\/asnyk.edu.pl\/wp-content\/uploads\/2023\/03\/3_1797x1200.jpg 1797w\" sizes=\"auto, (max-width: 1500px) 100vw, 1500px\" \/><\/figure>\n\n\n\n<figure class=\"wp-block-image size-large\"><img loading=\"lazy\" decoding=\"async\" width=\"1500\" height=\"1002\" data-id=\"7961\" src=\"https:\/\/asnyk.edu.pl\/wp-content\/uploads\/2023\/03\/4_1797x1200-1500x1002.jpg\" alt=\"\" class=\"wp-image-7961\" srcset=\"https:\/\/asnyk.edu.pl\/wp-content\/uploads\/2023\/03\/4_1797x1200-1500x1002.jpg 1500w, https:\/\/asnyk.edu.pl\/wp-content\/uploads\/2023\/03\/4_1797x1200-505x337.jpg 505w, https:\/\/asnyk.edu.pl\/wp-content\/uploads\/2023\/03\/4_1797x1200-205x137.jpg 205w, https:\/\/asnyk.edu.pl\/wp-content\/uploads\/2023\/03\/4_1797x1200-768x513.jpg 768w, https:\/\/asnyk.edu.pl\/wp-content\/uploads\/2023\/03\/4_1797x1200-1536x1026.jpg 1536w, https:\/\/asnyk.edu.pl\/wp-content\/uploads\/2023\/03\/4_1797x1200-449x300.jpg 449w, https:\/\/asnyk.edu.pl\/wp-content\/uploads\/2023\/03\/4_1797x1200.jpg 1797w\" sizes=\"auto, (max-width: 1500px) 100vw, 1500px\" \/><\/figure>\n\n\n\n<figure class=\"wp-block-image size-large\"><img loading=\"lazy\" decoding=\"async\" width=\"1500\" height=\"1001\" data-id=\"7963\" src=\"https:\/\/asnyk.edu.pl\/wp-content\/uploads\/2023\/03\/5_1798x1200-1500x1001.jpg\" alt=\"\" class=\"wp-image-7963\" srcset=\"https:\/\/asnyk.edu.pl\/wp-content\/uploads\/2023\/03\/5_1798x1200-1500x1001.jpg 1500w, https:\/\/asnyk.edu.pl\/wp-content\/uploads\/2023\/03\/5_1798x1200-505x337.jpg 505w, https:\/\/asnyk.edu.pl\/wp-content\/uploads\/2023\/03\/5_1798x1200-205x137.jpg 205w, https:\/\/asnyk.edu.pl\/wp-content\/uploads\/2023\/03\/5_1798x1200-768x513.jpg 768w, https:\/\/asnyk.edu.pl\/wp-content\/uploads\/2023\/03\/5_1798x1200-1536x1025.jpg 1536w, https:\/\/asnyk.edu.pl\/wp-content\/uploads\/2023\/03\/5_1798x1200-450x300.jpg 450w, https:\/\/asnyk.edu.pl\/wp-content\/uploads\/2023\/03\/5_1798x1200.jpg 1798w\" sizes=\"auto, (max-width: 1500px) 100vw, 1500px\" \/><\/figure>\n\n\n\n<figure class=\"wp-block-image size-large\"><img loading=\"lazy\" decoding=\"async\" width=\"1500\" height=\"1001\" data-id=\"7965\" src=\"https:\/\/asnyk.edu.pl\/wp-content\/uploads\/2023\/03\/6_1798x1200-1500x1001.jpg\" alt=\"\" class=\"wp-image-7965\" srcset=\"https:\/\/asnyk.edu.pl\/wp-content\/uploads\/2023\/03\/6_1798x1200-1500x1001.jpg 1500w, https:\/\/asnyk.edu.pl\/wp-content\/uploads\/2023\/03\/6_1798x1200-505x337.jpg 505w, https:\/\/asnyk.edu.pl\/wp-content\/uploads\/2023\/03\/6_1798x1200-205x137.jpg 205w, https:\/\/asnyk.edu.pl\/wp-content\/uploads\/2023\/03\/6_1798x1200-768x513.jpg 768w, https:\/\/asnyk.edu.pl\/wp-content\/uploads\/2023\/03\/6_1798x1200-1536x1025.jpg 1536w, https:\/\/asnyk.edu.pl\/wp-content\/uploads\/2023\/03\/6_1798x1200-450x300.jpg 450w, https:\/\/asnyk.edu.pl\/wp-content\/uploads\/2023\/03\/6_1798x1200.jpg 1798w\" sizes=\"auto, (max-width: 1500px) 100vw, 1500px\" \/><\/figure>\n\n\n\n<figure class=\"wp-block-image size-large\"><img loading=\"lazy\" decoding=\"async\" width=\"1500\" height=\"1002\" data-id=\"7964\" src=\"https:\/\/asnyk.edu.pl\/wp-content\/uploads\/2023\/03\/1797x1200-1500x1002.jpg\" alt=\"\" class=\"wp-image-7964\" srcset=\"https:\/\/asnyk.edu.pl\/wp-content\/uploads\/2023\/03\/1797x1200-1500x1002.jpg 1500w, https:\/\/asnyk.edu.pl\/wp-content\/uploads\/2023\/03\/1797x1200-505x337.jpg 505w, https:\/\/asnyk.edu.pl\/wp-content\/uploads\/2023\/03\/1797x1200-205x137.jpg 205w, https:\/\/asnyk.edu.pl\/wp-content\/uploads\/2023\/03\/1797x1200-768x513.jpg 768w, https:\/\/asnyk.edu.pl\/wp-content\/uploads\/2023\/03\/1797x1200-1536x1026.jpg 1536w, https:\/\/asnyk.edu.pl\/wp-content\/uploads\/2023\/03\/1797x1200-449x300.jpg 449w, https:\/\/asnyk.edu.pl\/wp-content\/uploads\/2023\/03\/1797x1200.jpg 1797w\" sizes=\"auto, (max-width: 1500px) 100vw, 1500px\" \/><\/figure>\n<\/figure>\n\n\n\n<div class=\"wp-block-buttons is-layout-flex wp-block-buttons-is-layout-flex\">\n<div class=\"wp-block-button has-custom-font-size is-style-outline has-medium-font-size is-style-outline--2\"><a class=\"wp-block-button__link wp-element-button\" href=\"https:\/\/asnyk.edu.pl\/?cat=37\" target=\"_blank\" rel=\"noreferrer noopener\">Laboratoria chemiczne<\/a><\/div>\n<\/div>\n\n\n\n<div class=\"wp-block-buttons has-custom-font-size has-medium-font-size is-horizontal is-content-justification-left is-layout-flex wp-container-core-buttons-is-layout-7e5fce0a wp-block-buttons-is-layout-flex\">\n<div class=\"wp-block-button is-style-outline is-style-outline--3\"><a class=\"wp-block-button__link wp-element-button\" href=\"https:\/\/asnyk.edu.pl\/?cat=38\">Ratownictwo medyczne<\/a><\/div>\n<\/div>\n","protected":false},"excerpt":{"rendered":"<p>Wsp\u00f3\u0142praca pomi\u0119dzy Biurem Karier Uniwersytetu Bielsko-Bialskiego, a II LO im. A. Asnyka ma wieloletni\u0105 tradycj\u0119 i obejmuje r\u00f3\u017cne inicjatywy, realizowane projekty oraz wydarzenia w celu wsparcia w wyborach edukacyjno-zawodowych m\u0142odzie\u017cy. \u00a0 Przyk\u0142adami form wsp\u00f3\u0142pracy w ostatnich 3 latach s\u0105: &#8211; &hellip; <a href=\"https:\/\/asnyk.edu.pl\/?page_id=7934\">Czytaj dalej <span class=\"meta-nav\">&rarr;<\/span><\/a><\/p>\n","protected":false},"author":5,"featured_media":0,"parent":0,"menu_order":0,"comment_status":"closed","ping_status":"closed","template":"","meta":{"footnotes":"","_links_to":"","_links_to_target":""},"class_list":["post-7934","page","type-page","status-publish","hentry"],"_links":{"self":[{"href":"https:\/\/asnyk.edu.pl\/index.php?rest_route=\/wp\/v2\/pages\/7934","targetHints":{"allow":["GET"]}}],"collection":[{"href":"https:\/\/asnyk.edu.pl\/index.php?rest_route=\/wp\/v2\/pages"}],"about":[{"href":"https:\/\/asnyk.edu.pl\/index.php?rest_route=\/wp\/v2\/types\/page"}],"author":[{"embeddable":true,"href":"https:\/\/asnyk.edu.pl\/index.php?rest_route=\/wp\/v2\/users\/5"}],"replies":[{"embeddable":true,"href":"https:\/\/asnyk.edu.pl\/index.php?rest_route=%2Fwp%2Fv2%2Fcomments&post=7934"}],"version-history":[{"count":15,"href":"https:\/\/asnyk.edu.pl\/index.php?rest_route=\/wp\/v2\/pages\/7934\/revisions"}],"predecessor-version":[{"id":11599,"href":"https:\/\/asnyk.edu.pl\/index.php?rest_route=\/wp\/v2\/pages\/7934\/revisions\/11599"}],"wp:attachment":[{"href":"https:\/\/asnyk.edu.pl\/index.php?rest_route=%2Fwp%2Fv2%2Fmedia&parent=7934"}],"curies":[{"name":"wp","href":"https:\/\/api.w.org\/{rel}","templated":true}]}}