{"id":7698,"date":"2023-01-30T11:42:40","date_gmt":"2023-01-30T11:42:40","guid":{"rendered":"https:\/\/asnyk.edu.pl\/?page_id=7698"},"modified":"2025-03-19T11:57:19","modified_gmt":"2025-03-19T11:57:19","slug":"deklaracja-dostepnosci-strona-ii-liceum-ogolnoksztalcace-im-adama-asnyka-w-bielsku-bialej","status":"publish","type":"page","link":"https:\/\/asnyk.edu.pl\/?page_id=7698","title":{"rendered":"Deklaracja dost\u0119pno\u015bci Strona II Liceum Og\u00f3lnokszta\u0142c\u0105ce im. Adama Asnyka w Bielsku-Bia\u0142ej"},"content":{"rendered":"\n<p id=\"a11y-wstep\"><span id=\"a11y-podmiot\">II LO im. Adama Asnyka w Bielsku-Bia\u0142ej<\/span> zobowi\u0105zuje si\u0119 zapewni\u0107 dost\u0119pno\u015b\u0107 swojej strony internetowej zgodnie z przepisami ustawy z dnia 4 kwietnia 2019 r. o dost\u0119pno\u015bci cyfrowej stron internetowych i aplikacji mobilnych podmiot\u00f3w publicznych. O\u015bwiadczenie <br \/>w sprawie dost\u0119pno\u015bci ma zastosowanie do strony internetowej www.asnyk.edu.pl<\/p>\n<ul>\n<li>Data publikacji strony internetowej:\u00a0<time id=\"a11y-data-publikacja\" datetime=\"2019-11-25\">2018- 06-30<\/time><\/li>\n<li>Data ostatniej istotnej aktualizacji:\u00a0<time datetime=\"2020-05-14\"><time datetime=\"2020-05-14\">2025-03-19<\/time><\/time><\/li>\n<\/ul>\n<p><strong style=\"font-size: revert;\">Strona internetowa jest cz\u0119\u015bciowo zgodna <\/strong>z ustaw\u0105 z dnia 4 kwietnia 2019 r. o dost\u0119pno\u015bci cyfrowej stron internetowych i aplikacji mobilnych podmiot\u00f3w publicznych <br \/>z powodu niezgodno\u015bci lub w\u0142\u0105cze\u0144\u00a0wymienionych poni\u017cej.<\/p>\n<p><strong>Niedost\u0119pne elementy i tre\u015bci<\/strong><\/p>\n<hr \/>\n<ul>\n<li><strong>W cz\u0119\u015bci film\u00f3w nie ma napis\u00f3w dla os\u00f3b nies\u0142ysz\u0105cych i g\u0142uchych.<br \/><br \/><\/strong><\/li>\n<li><strong>Strona nie posiada formularza kontaktowego oraz\u00a0 etykiet tekstowych powi\u0105zanych z polami, co mo\u017ce stanowi\u0107 problem dla os\u00f3b korzystaj\u0105cych z czytnika ekranu.<\/strong><strong>\u00a0<\/strong>Mo\u017cesz skontaktowa\u0107 si\u0119 z nami pisz\u0105c na adres e-mailowy lub dzwoni\u0105c do nas. Dane teleadresowe znajduj\u0105 si\u0119 : <em><a href=\"https:\/\/asnyk.edu.pl\/?page_id=3\">https:\/\/asnyk.edu.pl\/?page_id=3<\/a><br \/><br \/><\/em><\/li>\n<li><strong>Dokumenty archiwalne opublikowane na stronie przed 23 wrze\u015bnia 2018 r. s\u0105 dost\u0119pne : <a href=\"https:\/\/asnyk.edu.pl\/?page_id=448\">https:\/\/asnyk.edu.pl\/?page_id=448<\/a> \u00a0<\/strong>\u00a0Nie mamy prawnego obowi\u0105zku dostosowywania tych dokument\u00f3w, . Je\u017celi potrzebujesz dost\u0119pu do nich skontaktuj si\u0119 z nami i wska\u017c dok\u0142adnie, o kt\u00f3re z nich Ci chodzi i jak powinni\u015bmy je dostosowa\u0107.<\/li>\n<\/ul>\n<ul>\n<li><strong>\u201eWirtualny spacer\u201d nie jest dost\u0119pny cyfrowo. <\/strong>Zapewnienie dost\u0119pno\u015bci tej funkcji oznacza bardzo wysokie koszty, kt\u00f3re ocenili\u015bmy jako \u201enadmierne obci\u0105\u017cenie\u201d opisane w ustawie o dost\u0119pno\u015bci cyfrowej.\u00a0\u00a0<\/li>\n<\/ul>\n<p><strong>Przygotowanie deklaracji dost\u0119pno\u015bci<\/strong><\/p>\n<hr \/>\n<p>Data sporz\u0105dzenia deklaracji: 2023-01-10.<\/p>\n<p>Deklaracj\u0119 sporz\u0105dzono na podstawie samooceny przeprowadzonej przez podmiot publiczny.<\/p>\n<p>Data ostatniego przegl\u0105du deklaracji: .<\/p>\n<p><strong>Skr\u00f3ty klawiaturowe<\/strong><\/p>\n<hr \/>\n<p>Na tej stronie internetowej mo\u017cna korzysta\u0107 ze standardowych skr\u00f3t\u00f3w klawiaturowych.<\/p>\n<p><strong>Informacje zwrotne i dane kontaktowe<\/strong><\/p>\n<hr \/>\n<ul>\n<li>Za rozpatrywanie uwag i wniosk\u00f3w odpowiada: Marzena \u015aliwa<\/li>\n<li>E-mail:\u00a0<span id=\"a11y-email\">biuro@asnyk.edu.pl<\/span><\/li>\n<li>Telefon:\u00a0<span id=\"a11y-telefon\">33 812 21 65<\/span><\/li>\n<\/ul>\n<p id=\"a11y-procedura\">Ka\u017cdy ma prawo:<\/p>\n<ul>\n<li>zg\u0142osi\u0107 uwagi dotycz\u0105ce dost\u0119pno\u015bci cyfrowej strony lub jej elementu,<\/li>\n<li>zg\u0142osi\u0107 \u017c\u0105danie zapewnienia dost\u0119pno\u015bci cyfrowej strony lub jej elementu,<\/li>\n<li>wnioskowa\u0107 o udost\u0119pnienie niedost\u0119pnej informacji w innej alternatywnej formie.<\/li>\n<\/ul>\n<p>\u017b\u0105danie musi zawiera\u0107:<\/p>\n<ul>\n<li>dane kontaktowe osoby zg\u0142aszaj\u0105cej,<\/li>\n<li>wskazanie strony lub elementu strony, kt\u00f3rej dotyczy \u017c\u0105danie,<\/li>\n<li>wskazanie dogodnej formy udost\u0119pnienia informacji, je\u015bli \u017c\u0105danie dotyczy udost\u0119pnienia w formie alternatywnej informacji niedost\u0119pnej.<\/li>\n<\/ul>\n<p>Rozpatrzenie zg\u0142oszenia powinno nast\u0105pi\u0107 niezw\u0142ocznie, najp\u00f3\u017aniej w ci\u0105gu 7 dni. Je\u015bli w tym terminie zapewnienie dost\u0119pno\u015bci albo zapewnienie dost\u0119pu w alternatywnej formie nie jest mo\u017cliwe, powinno nast\u0105pi\u0107 najdalej w ci\u0105gu 2 miesi\u0119cy od daty zg\u0142oszenia.<\/p>\n<h2>Dost\u0119pno\u015b\u0107 architektoniczna<\/h2>\n<hr \/>\n<ul>\n<li>Przy wej\u015bciu do budynku od strony ulicy Jutrzenki znajduje si\u0119 pochylnia dla os\u00f3b niepe\u0142nosprawnych.<\/li>\n<li>istnieje mo\u017cliwo\u015b\u0107 wst\u0119pu z psem asystuj\u0105cym \u2013 brak ogranicze\u0144 w tym zakresie,<\/li>\n<li>istnieje mo\u017cliwo\u015b\u0107 skorzystania z t\u0142umacza j\u0119zyka migowego na miejscu\u00a0 po uprzednim zg\u0142oszeniu.<\/li>\n<li>budynek nie jest wyposa\u017cony w wind\u0119.<\/li>\n<li>na parterze znajduje si\u0119 toaleta przystosowana dla os\u00f3b niepe\u0142nosprawnych.<\/li>\n<li>parking szkolny og\u00f3lnodost\u0119pny<\/li>\n<\/ul>\n<p><strong>Aplikacje mobilne<\/strong><\/p>\n<hr \/>\n<p>Nie prowadzimy aplikacji mobilnych<\/p>\n<hr \/>\n<p>Osoba g\u0142uchoniema mo\u017ce zam\u00f3wi\u0107 bezpo\u015brednio t\u0142umacza poprzez e-mail:<\/p>\n<ol>\n<li><strong>Pan Maciej Pilecki &#8211; <\/strong>e-mail: biuro@asnyk.edu.pl<\/li>\n<\/ol>\n","protected":false},"excerpt":{"rendered":"<p>II LO im. Adama Asnyka w Bielsku-Bia\u0142ej zobowi\u0105zuje si\u0119 zapewni\u0107 dost\u0119pno\u015b\u0107 swojej strony internetowej zgodnie z przepisami ustawy z dnia 4 kwietnia 2019 r. o dost\u0119pno\u015bci cyfrowej stron internetowych i aplikacji mobilnych podmiot\u00f3w publicznych. O\u015bwiadczenie w sprawie dost\u0119pno\u015bci ma zastosowanie &hellip; <a href=\"https:\/\/asnyk.edu.pl\/?page_id=7698\">Czytaj dalej <span class=\"meta-nav\">&rarr;<\/span><\/a><\/p>\n","protected":false},"author":5,"featured_media":0,"parent":0,"menu_order":0,"comment_status":"closed","ping_status":"closed","template":"","meta":{"footnotes":"","_links_to":"","_links_to_target":""},"class_list":["post-7698","page","type-page","status-publish","hentry"],"_links":{"self":[{"href":"https:\/\/asnyk.edu.pl\/index.php?rest_route=\/wp\/v2\/pages\/7698","targetHints":{"allow":["GET"]}}],"collection":[{"href":"https:\/\/asnyk.edu.pl\/index.php?rest_route=\/wp\/v2\/pages"}],"about":[{"href":"https:\/\/asnyk.edu.pl\/index.php?rest_route=\/wp\/v2\/types\/page"}],"author":[{"embeddable":true,"href":"https:\/\/asnyk.edu.pl\/index.php?rest_route=\/wp\/v2\/users\/5"}],"replies":[{"embeddable":true,"href":"https:\/\/asnyk.edu.pl\/index.php?rest_route=%2Fwp%2Fv2%2Fcomments&post=7698"}],"version-history":[{"count":9,"href":"https:\/\/asnyk.edu.pl\/index.php?rest_route=\/wp\/v2\/pages\/7698\/revisions"}],"predecessor-version":[{"id":14996,"href":"https:\/\/asnyk.edu.pl\/index.php?rest_route=\/wp\/v2\/pages\/7698\/revisions\/14996"}],"wp:attachment":[{"href":"https:\/\/asnyk.edu.pl\/index.php?rest_route=%2Fwp%2Fv2%2Fmedia&parent=7698"}],"curies":[{"name":"wp","href":"https:\/\/api.w.org\/{rel}","templated":true}]}}