{"id":74,"date":"2018-06-29T13:49:43","date_gmt":"2018-06-29T13:49:43","guid":{"rendered":"https:\/\/asnyk.edu.pl\/?page_id=74"},"modified":"2018-06-29T13:49:43","modified_gmt":"2018-06-29T13:49:43","slug":"historia-szkoly","status":"publish","type":"page","link":"https:\/\/asnyk.edu.pl\/?page_id=74","title":{"rendered":"Historia Szko\u0142y"},"content":{"rendered":"<p style=\"text-align: center;\"><strong>HISTORIA\u00a0 SZKO\u0141Y<\/strong><\/p>\n<p style=\"text-align: center;\"><strong>\u00a0<\/strong><strong>Powstanie szko\u0142y i jej dzieje w latach 1898-1914<\/strong><\/p>\n<p style=\"text-align: center;\">Ludno\u015b\u0107\u00a0 polska w Bia\u0142ej u schy\u0142ku XIX wieku mia\u0142a ograniczone mo\u017cliwo\u015bci kszta\u0142cenia swoich dzieci. By\u0142 to zab\u00f3r austriacki, dominowa\u0142o szkolnictwo niemieckie, a polskie szko\u0142y funkcjonowa\u0142y w Lipniku, Leszczynach i Komorowicach. Polacy musieli posy\u0142a\u0107 swoje dzieci do szk\u00f3\u0142 niemieckich, w kt\u00f3rych nie uczono j\u0119zyka polskiego czy polskiej historii. Dlatego \u015brodowiska polskiej inteligencji zwi\u0105zane z Czytelni\u0105 Polsk\u0105 czy Towarzystwem Szk\u00f3\u0142 Ludowych wysz\u0142y z pewn\u0105 inicjatyw\u0105.\u00a0 Krakowskie Ko\u0142o Pa\u0144 TSL w setn\u0105 rocznic\u0119 rozbioru Polski rozpocz\u0119\u0142o gromadzenie funduszy na budow\u0119 pierwszej polskiej szko\u0142y<br \/>\nw Bia\u0142ej. Przedsi\u0119biorcze panie organizowa\u0142y festyny, bale, loterie fantowe i przedstawienia teatralne. W sumie w ci\u0105gu 4 lat dzia\u0142alno\u015bci Ko\u0142o Pa\u0144 zgromadzi\u0142o 19,500 koron. Przewodnicz\u0105c\u0105\u00a0 Ko\u0142a by\u0142a wtedy Maria Siedlecka, a do najbardziej zaanga\u017cowanych dzia\u0142aczek nale\u017ca\u0142y Dalja Pawlikowska, Leontyna Owczarkiewicz, Jadwiga \u0141obaczewska, Eliza Pare\u0144ska. \u00a0W 1908 roku kupiono grunt przy \u00f3wczesnej ulicy Kolejowej (dzisiejsza Legion\u00f3w.) Szko\u0142a od 1897 funkcjonowa\u0142a jako szko\u0142a wydzia\u0142owa imienia Tadeusza Ko\u015bciuszki. Dyrektorem zosta\u0142 Mieczys\u0142aw Mildner i\u00a0 ucz\u0119szcza\u0142o do niej 300 uczni\u00f3w. Nie obesz\u0142o si\u0119 bez protest\u00f3w ludno\u015bci niemieckiej, kt\u00f3ra widzia\u0142a w polskiej szkole powa\u017cne zagro\u017cenie dla swoich wp\u0142yw\u00f3w kulturalnych.<\/p>\n<p style=\"text-align: center;\">\u00a0\u00a0\u00a0\u00a0\u00a0\u00a0\u00a0\u00a0\u00a0\u00a0\u00a0 Nast\u0119pnie w tym samym budynku utworzono Polskie Seminarium Nauczycielskie\u00a0 M\u0119skie. Dzi\u0119ki wsparciu Zarz\u0105du G\u0142\u00f3wnego Towarzystwa Szk\u00f3\u0142 Ludowych z Krakowa w 1908 powsta\u0142a pierwsza polska szko\u0142a \u015brednia w Bia\u0142ej. Pierwszym dyrektorem tej plac\u00f3wki zosta\u0142 Ignacy Stein, kt\u00f3ry pe\u0142ni\u0142 r\u00f3wnie\u017c funkcj\u0119 dyrektora seminarium nauczycielskiego.<br \/>\nW ten spos\u00f3b zosta\u0142 zrealizowany testament\u00a0 prezesa TSL Adama Asnyka. Poeta sam zabiega\u0142 o fundusze i uzyska\u0142 10000 koron subwencji z Wydzia\u0142u Krajowego we Lwowie oraz 15 tysi\u0119cy koron z Towarzystwa Ko\u015bciuszkowskiego. Akt powo\u0142uj\u0105cy szko\u0142\u0119 do \u017cycia podpisa\u0142, niestety ju\u017c na \u0142o\u017cu \u015bmierci, sam Adam Asnyk. Zmaganiom o powo\u0142anie polskiej szko\u0142y towarzyszy\u0142y niemieckie szykany. Zdarza\u0142y si\u0119 przypadki obrzucania polskiej m\u0142odzie\u017cy kamieniami, gdy ta sz\u0142a do szko\u0142y, czasem zdarza\u0142y si\u0119 r\u00f3wnie\u017c wybite szyby w salach lekcyjnych.<\/p>\n<p style=\"text-align: center;\">W 1910 szko\u0142a zosta\u0142a przeniesiona na ulic\u0119 Komorowick\u0105 do budynku Seminarium Nauczycielskiego M\u0119skiego i tam b\u0119dzie funkcjonowa\u0107\u00a0 przez nast\u0119pne trzy lata. W roku szkolnym 1913\/1914 Prywatne Gimnazjum Realne w Bia\u0142ej liczy\u0142o ju\u017c 220 uczni\u00f3w<br \/>\ni uczennic. Wybuch pierwszej wojny \u015bwiatowej skomplikowa\u0142 \u017cycie szko\u0142y, kt\u00f3ra kilkakrotnie musia\u0142a zmienia\u0107 swoj\u0105 siedzib\u0119. Od 21 wrze\u015bnia 1914 roku w gmachu szko\u0142y rezydowa\u0142a CK Rada Szkolna Krajowa, kt\u00f3ra \u00a0zaj\u0119\u0142a parter i pierwsze pi\u0119tro budynku. Gimnazjum zosta\u0142o st\u0142oczone w\u00f3wczas do dw\u00f3ch sal na drugim pi\u0119trze. Przerwa w nauce mia\u0142a miejsce od 12 listopada 1914 do 7 stycznia 1915 roku , a mia\u0142o to zwi\u0105zek z sytuacj\u0105 na froncie wschodnim. Zaj\u0119cia w czasie wojny odbywa\u0142y si\u0119 w Czytelni Polskiej, w domu przy ulicy Ha\u0142cnowskiej, a tak\u017ce w budynku przy ulicy Komorowickiej. Stan liczebny klas zmienia\u0142 \u00a0si\u0119 stosunkowo cz\u0119sto, ch\u0142opcy wst\u0119powali do wojska, wielu w szeregi\u00a0 Legion\u00f3w Polskich J\u00f3zefa Pi\u0142sudskiego.<\/p>\n<p style=\"text-align: center;\">\u00a0\u00a0\u00a0<img loading=\"lazy\" decoding=\"async\" class=\"size-medium wp-image-67 alignleft\" src=\"https:\/\/asnyk.edu.pl\/wp-content\/uploads\/2018\/06\/b1-197x300.png\" alt=\"\" width=\"197\" height=\"300\" srcset=\"https:\/\/asnyk.edu.pl\/wp-content\/uploads\/2018\/06\/b1-197x300.png 197w, https:\/\/asnyk.edu.pl\/wp-content\/uploads\/2018\/06\/b1.png 300w\" sizes=\"auto, (max-width: 197px) 100vw, 197px\" \/><\/p>\n<p style=\"text-align: center;\">ul.Legion\u00f3w<\/p>\n<p style=\"text-align: center;\">\u00a0\u00a0\u00a0\u00a0 fot. http:\/\/bielskobiala.fotopolska.eu<\/p>\n<p style=\"text-align: center;\"><strong>Szko\u0142a w czasach dwudziestolecia mi\u0119dzywojennego<\/strong><\/p>\n<p style=\"text-align: center;\"><strong>\u00a0<\/strong>Po odzyskaniu niepodleg\u0142o\u015bci szko\u0142a przyj\u0119\u0142a nazw\u0119 Pa\u0144stwowego Gimnazjum im. A. Asnyka w Bia\u0142ej. Dyrektorem szko\u0142y zosta\u0142 W\u0142adys\u0142aw Wierzbicki. W tym okresie pomimo braku sali gimnastycznej, pracowni fizycznej, przyrodniczej i chemicznej, a tak\u017ce biblioteki szko\u0142a prowadzi\u0142a bardzo bogate \u017cycie kulturalne. Organizowano m.in. uroczysto\u015bci rocznicowe 3 maja, obchody 100-lecia \u015bmierci Napoleona, odbywa\u0142o si\u0119 wiele wycieczek turystycznych i naukowych. Dyrektor zorganizowa\u0142 dla uczni\u00f3w praktyczny kurs sadownictwa, \u00a0warzywnictwa i pszczelarstwa.\u00a0 W roku szkolnym 1924\/1925 gimnazjum kierowa\u0142 Leon Chrapczy\u0144ski, a ju\u017c w roku nast\u0119pnym\u00a0 Marian Chmielowiec. Do wybuchu II wojny \u015bwiatowej utrwala si\u0119 pozycja gimnazjum, kt\u00f3re znane by\u0142o z wysokiego poziomu nauczania i patriotycznej atmosfery wychowawczej.\u00a0 W latach 30 tych \u201eAsnyk\u201d sta\u0142 si\u0119 szko\u0142\u0105 niemal wzorow\u0105 pod kierownictwem dyrektorki Zofii Bastgen. M\u0142odzie\u017c wyr\u00f3\u017cnia\u0142a si\u0119 nie tylko postaw\u0105 patriotyczn\u0105, ale i wysokim poziomem kultury.<\/p>\n<p style=\"text-align: center;\"><strong>Okres II wojny \u015bwiatowej<\/strong><\/p>\n<p style=\"text-align: center;\">Wojna rozproszy\u0142a nauczycieli i uczni\u00f3w, okupanci \u00a0zlikwidowali szko\u0142\u0119, a jej wyposa\u017cenie rozdysponowano w\u015br\u00f3d innych szk\u00f3\u0142 niemieckich. Wielu pedagog\u00f3w<br \/>\ni wychowank\u00f3w \u201eAsnyka\u201d nie doczeka\u0142o jednak ko\u0144ca wojny. Wielu umar\u0142o w wi\u0119zieniach i obozach koncentracyjnych, m.in. prof. J\u00f3zef Braszka, Franciszka Luba\u015b, Bohdan \u0141uszczy\u0144ski, ks. W\u0142adys\u0142aw M\u0105czy\u0144ski. Wieloletnim wi\u0119\u017aniem obozu by\u0142 prof. Sieros\u0142awski, a wi\u0119\u017aniark\u0105 Ravensbruck sama Pani Dyrektor Zofia Bastgen. D\u0142uga jest tak\u017ce lista uczni\u00f3w, kt\u00f3rzy zgin\u0119li na frontach II wojny \u015bwiatowej. W okresie okupacji uleg\u0142a zniszczeniu niemal ca\u0142a przedwojenna dokumentacja szko\u0142y. Na zawsze przepad\u0142o wiele bezcennych pami\u0105tek po spo\u0142eczno\u015bci \u201eAsnyka\u201d.<\/p>\n<p style=\"text-align: center;\"><strong>Czasy powojenne<\/strong><\/p>\n<p style=\"text-align: center;\">Po 1945 roku szko\u0142a szybko otworzy\u0142a swoje podwoje dla uczni\u00f3w.\u00a0 W szkolnym gmachu stacjonowa\u0142a Armia Czerwona, brakowa\u0142o nauczycieli, a przede wszystkim lokalu. Na pocz\u0105tku wynaj\u0119to pomieszczenia przy placu Wolno\u015bci. Warunki by\u0142y sparta\u0144skie, brakowa\u0142o szkolnego sprz\u0119tu. Pierwszy rok szkolny trwa\u0142 tylko cztery miesi\u0105ce &#8211; od 1 kwietnia do 1 sierpnia 1945 roku. W lipcu 1945 wr\u00f3ci\u0142a do pracy w szkole przedwojenna dyrektorka Asnyka Zofia Bastgen. Szko\u0142a wr\u00f3ci\u0142a do swojego budynku dopiero w roku szkolnym 1946\/1947, w czternastu oddzia\u0142ach uczy\u0142o si\u0119 570 uczni\u00f3w. Dyrektorem Gimnazjum i Liceum zosta\u0142a W\u0142adys\u0142awa Baran. W roku 1948 Asnyka dotkn\u0119\u0142a reforma szkolna polegaj\u0105c\u0105 na po\u0142\u0105czeniu szko\u0142y \u015bredniej ze szko\u0142\u0105 podstawow\u0105 &#8211; wprowadzono jedenastolatk\u0119. Dyrektorem szko\u0142y po reformie zosta\u0142 Adam Romanowski. W tym okresie zapad\u0142a decyzja, aby szko\u0142\u0119 przenie\u015b\u0107 do budynku Zakonu C\u00f3rek Bo\u017cej Mi\u0142o\u015bci przy ulicy Broniewskiego 13. Tam szko\u0142a przetrwa\u0142a ca\u0142\u0105 Polsk\u0119 Ludow\u0105, a liczba uczni\u00f3w wzros\u0142a dwukrotnie. W 1952 roku gdy Adam Romanowski odszed\u0142 do katowickiego kuratorium, dyrektorem zosta\u0142a Alfreda Zychowicz, w tym czasie szko\u0142a doczeka\u0142a si\u0119 pracowni fizycznej, chemicznej i biologicznej. Od 1954 roku do 1966 dyrektorem szko\u0142y by\u0142 Jan Kukulski, nast\u0119pnie funkcj\u0119 t\u0119 przej\u0119\u0142a Weronika Grabska &#8211; Martyniak, kt\u00f3ra kierowa\u0142a szko\u0142\u0105 przez \u00a0nast\u0119pne 4 lata.<\/p>\n<p style=\"text-align: center;\"><img loading=\"lazy\" decoding=\"async\" class=\"size-medium wp-image-68 alignleft\" src=\"https:\/\/asnyk.edu.pl\/wp-content\/uploads\/2018\/06\/b2-300x200.jpg\" alt=\"\" width=\"300\" height=\"200\" srcset=\"https:\/\/asnyk.edu.pl\/wp-content\/uploads\/2018\/06\/b2-300x200.jpg 300w, https:\/\/asnyk.edu.pl\/wp-content\/uploads\/2018\/06\/b2.jpg 365w\" sizes=\"auto, (max-width: 300px) 100vw, 300px\" \/>Budynek szko\u0142y przy ulicy Broniewskiego<\/p>\n<p style=\"text-align: center;\">W 1962 roku Asnyk przeszed\u0142 kolejn\u0105 reform\u0119 o\u015bwiatow\u0105 i sta\u0142 si\u0119 liceum og\u00f3lnokszta\u0142c\u0105cym. Odt\u0105d dla szko\u0142y nadesz\u0142y dobre czasy,\u00a0 kierowa\u0142 ni\u0105 w latach 70 tych Jerzy Kubica. Wszystkie zasadnicze przedmioty otrzyma\u0142y profesjonalne pracownie, a liczba pracownik\u00f3w \u00a0i uczni\u00f3w si\u0119 podwoi\u0142a. W roku szkolnym 1972 by\u0142o a\u017c 650 uczni\u00f3w i 42 pracownik\u00f3w. Wska\u017anik przyj\u0119\u0107 na wy\u017csze uczelnie wynosi\u0142 69 %, szko\u0142a w tym czasie zyska\u0142a renom\u0119 szko\u0142y sportowej, zw\u0142aszcza w lekkiej atletyce. Od 1975 roku dyrektorem zosta\u0142 Franciszek Rogoli\u0144ski, jednak w zwi\u0105zku z atakami na uczni\u00f3w oskar\u017canych o dzia\u0142alno\u015b\u0107 antypa\u0144stwow\u0105 w 1980 zosta\u0142 zmuszony do ust\u0105pienia ze stanowiska.\u00a0 Od 1980 funkcj\u0119 dyrektora obj\u0119\u0142a Iwona Lubowska, kt\u00f3ra pe\u0142ni\u0142a t\u0119 funkcj\u0119 przez\u00a0 26 lat, wnosz\u0105c wiele pracy i serca w funkcjonowanie szko\u0142y. Z jej inspiracji powsta\u0142a klasa o profilu klasycznym, a tak\u017ce nowoczesna, jak na owe czasy, pracownia komputerowa. Za jej kadencji szko\u0142a zmieni\u0142a lokalizacj\u0119 z ulicy Broniewskiego i zosta\u0142a przeniesiona do budynku na ulicy Nadbrze\u017cnej\u00a0 w 2001 roku i tam pozosta\u0142a do ko\u0144ca roku szkolnego 2007\/2008.<\/p>\n<p style=\"text-align: center;\"><strong>W 100-lecie istnienia Szko\u0142y<\/strong><\/p>\n<p style=\"text-align: center;\">\u00a0Po pi\u0119ciu latach na ulicy Nadbrze\u017cnej, w stuletni\u0105 rocznic\u0119 swojego powstania szko\u0142a zmieni\u0142a po raz kolejny lokalizacj\u0119 na przestronny budynek przy ulicy Jutrzenki 13, na osiedlu Z\u0142ote \u0141any. W tym trudnym dla\u00a0 szko\u0142y i grona pedagogicznego okresie dyrektorem zosta\u0142a polonistka &#8211; Pani Barbara Drwal, za kt\u00f3rej kadencji\u00a0 Szko\u0142a przesz\u0142a w latach 2008\/2009 gruntowny remont (oraz termomodernizacj\u0119 i odnow\u0119 elewacji w roku szkolnym 2017\/2018). W kolejnym roku szkolnym Liceum po\u0142\u0105czone zosta\u0142o z Gimnazjum nr 2, tworz\u0105c wsp\u00f3lnie Zesp\u00f3\u0142 Szk\u00f3\u0142 Og\u00f3lnokszta\u0142c\u0105cych, natomiast po reformie o\u015bwiaty,\u00a0 od roku szkolnego 2017\/2018 ponownie funkcjonuje jako II Liceum Og\u00f3lnokszta\u0142c\u0105ce. Pani Dyrektor w\u0142o\u017cy\u0142a wiele wysi\u0142k\u00f3w i pracy, aby budynek szko\u0142y by\u0142 odpowiednio przygotowany, sale bogato wyposa\u017cone w sprz\u0119t komputerowy i multimedialny, a szko\u0142a cieszy\u0142a si\u0119 dobr\u0105 opini\u0105 i wysokim poziomem nauczania, znana by\u0142a w mie\u015bcie i regionie ze swojej dzia\u0142alno\u015bci wychowawczej, artystycznej i charytatywnej.<\/p>\n<p style=\"text-align: center;\">W 2008 roku, w pa\u017adzierniku Asnyk hucznie obchodzi\u0142 stulecie swojego istnienia, \u00a0podczas kt\u00f3rego wielu absolwent\u00f3w Szko\u0142y mog\u0142o spotka\u0107 si\u0119 w swoim gronie. W Teatrze Polskim w Bielsku-Bia\u0142ej odby\u0142a si\u0119 uroczysta akademia, podczas kt\u00f3rej Pani dyrektor wr\u0119czy\u0142a dyplomy i podzi\u0119kowania zas\u0142u\u017conym, wieloletnim nauczycielom i pracownikom szko\u0142y. Za program artystyczny odpowiedzialny by\u0142 Pan prof. Jacek Lisicki, natomiast kompozycje do spektaklu \u201e\u015aniadanie na trawie\u201d stworzy\u0142 ucze\u0144 klasy 3a \u2013 Micha\u0142 Ma\u0144ka. Wspomnieniom, wzruszeniom nie by\u0142o ko\u0144ca\u2026<\/p>\n<p style=\"text-align: center;\"><strong>A dzi\u015b\u2026<\/strong><\/p>\n<p style=\"text-align: center;\">Nasza Szko\u0142a bierze udzia\u0142 w wielu ciekawych, rozwijaj\u0105cych projektach, r\u00f3wnie\u017c mi\u0119dzynarodowych &#8211; Comenius (od roku 2012) i Erasmus+ (od roku 2014), corocznie organizowane s\u0105 dwie wymiany uczniowskie \u2013 ze szko\u0142ami w\u0142oskimi i niemieckimi, dzi\u0119ki kt\u00f3rym uczniowie maj\u0105 mo\u017cliwo\u015b\u0107 doskonalenia umiej\u0119tno\u015bci j\u0119zykowych i spo\u0142ecznych.<\/p>\n<p style=\"text-align: center;\">Nasi absolwenci studiuj\u0105 na presti\u017cowych uczelniach, w tym\u00a0 zagranicznych. W roku szkolnym 2017\/2018 m\u0142odzie\u017c rozpocz\u0119\u0142a nauk\u0119 w 5 klasach pierwszych, w tym jednej zupe\u0142nie nowej &#8211; 1e o profilu bezpiecze\u0144stwo i ratownictwo, w zwi\u0105zku z tym\u2013 w 2017 roku podpisali\u015bmy umow\u0119 z ATH, gdzie nasi uczniowie bior\u0105 udzia\u0142 w warsztatach i laboratoriach. Wsp\u00f3\u0142pracujemy z wieloma instytucjami i szko\u0142ami wy\u017cszymi m. in. Uniwersytetem \u015al\u0105skim, Fundacj\u0105 M\u0142odzie\u017cowej Przedsi\u0119biorczo\u015bci, Regionalnym Oddzia\u0142em IPN-u, Bibliotek\u0105 Pedagogiczn\u0105 w Bielsku-Bia\u0142ej, Ksi\u0105\u017cnic\u0105 Beskidzk\u0105, Komend\u0105 Miejsk\u0105 Policji oraz Stra\u017cy Po\u017carnej.<\/p>\n<p style=\"text-align: center;\">Od roku szkolnego 2012\/2013 organizujemy projekt \u201eKobiety zwyczajne<br \/>\ni niezwyczajne w historii Polski\u201d, a od 2017\/2018 \u201eFestiwal Nauk \u015acis\u0142ych\u201d. Corocznie bierzemy udzia\u0142 w finale Og\u00f3lnopolskiego Konkursu na najlepsze Miniprzedsi\u0119biorstwo. M\u0142odzie\u017c naszej szko\u0142y systematycznie i z ogromnym zaanga\u017cowaniem bierze udzia\u0142<br \/>\nw licznych akcjach charytatywnych\u00a0 ( np. zbi\u00f3rki \u017cywno\u015bci), wsp\u00f3\u0142pracujemy z Fundacj\u0105 \u201ePola Nadziei\u201d, Fundacj\u0105 \u201eDr Clown\u201d, organizujemy koncerty charytatywne, przygotowujemy wyst\u0119py artystyczne dla senior\u00f3w. Odnosimy sukcesy sportowe w mie\u015bcie, rejonie, ale tak\u017ce w zawodach wojew\u00f3dzkich oraz og\u00f3lnopolskich junior\u00f3w.<\/p>\n<p style=\"text-align: center;\">II Liceum Og\u00f3lnokszta\u0142c\u0105ce\u00a0 to szko\u0142a przyjazna uczniowi, w kt\u00f3rej panuje klimat \u017cyczliwo\u015bci i ciep\u0142a. Nasi uczniowie startuj\u0105 w licznych konkursach i olimpiadach przedmiotowych, osi\u0105gaj\u0105c wysokie miejsca na listach laureat\u00f3w (Olimpiada Literatury<br \/>\ni J\u0119zyka Polskiego, Olimpiada Medialna, Olimpiada M\u0142odzie\u017cowej Przedsi\u0119biorczo\u015bci, Konkurs Wiedzy o Podatkach, konkurs \u201eOcali\u0107 od zapomnienia\u201d, Og\u00f3lnopolski Konkurs Literacki \u201eLipa\u201d, Og\u00f3lnopolski Konkurs Recytatorski, Konkurs Wiedzy o Bielsku-Bia\u0142ej, Konkurs Fotograficzny \u201eMigawka\u201d, Konkurs na Apel Poleg\u0142ych) Nasza szko\u0142a oferuje mo\u017cliwo\u015b\u0107 udzia\u0142u w wielu formach pracy pozalekcyjnej takich jak ko\u0142a przedmiotowe, sportowe, artystyczne. Uczestniczymy w \u017cyciu kulturalnym miasta i regionu. Organizujemy dla m\u0142odzie\u017cy wyjazdy do opery, filharmonii, teatr\u00f3w, muze\u00f3w, galerii sztuki. Szko\u0142a zmienia\u0142a wiele razy swoj\u0105 siedzib\u0119, przesz\u0142a niejedn\u0105 burz\u0119 dziejow\u0105<br \/>\ni reform\u0119 o\u015bwiatow\u0105. Jednak najwa\u017cniejsze jest to, \u017ce opr\u00f3cz wynik\u00f3w i zdobytej wiedzy uczniowie\u00a0 naprawd\u0119 j\u0105 lubi\u0105 i zawsze lubili, bardzo ch\u0119tnie powracali w jej mury jako absolwenci, a czasem nawet i jej nauczyciele.<\/p>\n<p>&nbsp;<\/p>\n","protected":false},"excerpt":{"rendered":"<p>HISTORIA\u00a0 SZKO\u0141Y \u00a0Powstanie szko\u0142y i jej dzieje w latach 1898-1914 Ludno\u015b\u0107\u00a0 polska w Bia\u0142ej u schy\u0142ku XIX wieku mia\u0142a ograniczone mo\u017cliwo\u015bci kszta\u0142cenia swoich dzieci. By\u0142 to zab\u00f3r austriacki, dominowa\u0142o szkolnictwo niemieckie, a polskie szko\u0142y funkcjonowa\u0142y w Lipniku, Leszczynach i Komorowicach. &hellip; <a href=\"https:\/\/asnyk.edu.pl\/?page_id=74\">Czytaj dalej <span class=\"meta-nav\">&rarr;<\/span><\/a><\/p>\n","protected":false},"author":1,"featured_media":0,"parent":0,"menu_order":0,"comment_status":"closed","ping_status":"closed","template":"","meta":{"footnotes":"","_links_to":"","_links_to_target":""},"class_list":["post-74","page","type-page","status-publish","hentry"],"_links":{"self":[{"href":"https:\/\/asnyk.edu.pl\/index.php?rest_route=\/wp\/v2\/pages\/74","targetHints":{"allow":["GET"]}}],"collection":[{"href":"https:\/\/asnyk.edu.pl\/index.php?rest_route=\/wp\/v2\/pages"}],"about":[{"href":"https:\/\/asnyk.edu.pl\/index.php?rest_route=\/wp\/v2\/types\/page"}],"author":[{"embeddable":true,"href":"https:\/\/asnyk.edu.pl\/index.php?rest_route=\/wp\/v2\/users\/1"}],"replies":[{"embeddable":true,"href":"https:\/\/asnyk.edu.pl\/index.php?rest_route=%2Fwp%2Fv2%2Fcomments&post=74"}],"version-history":[{"count":1,"href":"https:\/\/asnyk.edu.pl\/index.php?rest_route=\/wp\/v2\/pages\/74\/revisions"}],"predecessor-version":[{"id":75,"href":"https:\/\/asnyk.edu.pl\/index.php?rest_route=\/wp\/v2\/pages\/74\/revisions\/75"}],"wp:attachment":[{"href":"https:\/\/asnyk.edu.pl\/index.php?rest_route=%2Fwp%2Fv2%2Fmedia&parent=74"}],"curies":[{"name":"wp","href":"https:\/\/api.w.org\/{rel}","templated":true}]}}