{"id":397,"date":"2018-08-06T08:09:03","date_gmt":"2018-08-06T08:09:03","guid":{"rendered":"http:\/\/asnyk.edu.pl\/?page_id=397"},"modified":"2024-12-06T11:45:40","modified_gmt":"2024-12-06T11:45:40","slug":"biblioteka","status":"publish","type":"page","link":"https:\/\/asnyk.edu.pl\/?page_id=397","title":{"rendered":"Biblioteka"},"content":{"rendered":"<table style=\"border-collapse: collapse; width: 100%; height: 198px;\">\n<tbody>\n<tr style=\"height: 198px;\">\n<td style=\"width: 31.4331%; height: 198px;\"><img loading=\"lazy\" decoding=\"async\" src=\"https:\/\/asnyk.edu.pl\/wp-content\/uploads\/2021\/10\/Beige-Orange-and-Green-Earth-Science-Senior-High-Canvas-Button-2-2.png\" alt=\"Obrazek posiada pusty atrybut alt; plik o nazwie Beige-Orange-and-Green-Earth-Science-Senior-High-Canvas-Button-2-2.png\" width=\"194\" height=\"194\" \/><\/td>\n<td style=\"width: 31.4331%; height: 198px;\"><a href=\"http:\/\/padlet.com\/mstajewska\/Otwartezasoby\"><img loading=\"lazy\" decoding=\"async\" src=\"https:\/\/asnyk.edu.pl\/wp-content\/uploads\/2021\/10\/Beige-Orange-and-Green-Earth-Science-Senior-High-Canvas-Button-4-3.png\" alt=\"\" width=\"194\" height=\"194\" \/><\/a>\u00a0<\/td>\n<td style=\"width: 31.4331%; height: 198px;\">\u00a0<a href=\"https:\/\/m00638.molnet.mol.pl\/\"><img loading=\"lazy\" decoding=\"async\" src=\"https:\/\/asnyk.edu.pl\/wp-content\/uploads\/2021\/10\/Beige-Orange-and-Green-Earth-Science-Senior-High-Canvas-Button-3-2.png\" width=\"194\" height=\"194\" \/><\/a><\/td>\n<\/tr>\n<\/tbody>\n<\/table>\n<p>Bibliotekarze:<span style=\"color: #008000;\"> mgr Magdalena Stajewska, mgr Urszula Miarczy\u0144ska &#8211; Micorek<\/span><\/p>\n<p>Biblioteka jest czynna :<\/p>\n<p>poniedzia\u0142ek\u00a0 <strong><span style=\"color: #008000;\">7.30 &#8211; 15.30<\/span><\/strong><\/p>\n<p>wtorek <strong><span style=\"color: #008000;\">7.30 &#8211; 17.00<\/span><\/strong><\/p>\n<p>\u015broda <strong><span style=\"color: #008000;\">7.30 &#8211; 17.00<\/span><\/strong><\/p>\n<p>czwartek <strong><span style=\"color: #008000;\">7.30 &#8211; 16.30<\/span><\/strong><\/p>\n<p>pi\u0105tek <strong><span style=\"color: #008000;\">7.30 &#8211; 15.00<\/span><\/strong><\/p>\n<p>Katalog <a href=\"https:\/\/m00638.molnet.mol.pl\/\">on-line<\/a> w programie MOLNET+\u00a0<\/p>\n<p><strong>W bibliotece znajdziesz:<\/strong><\/p>\n<ul style=\"list-style-type: square;\">\n<li>lektury obowi\u0105zkowe i uzupe\u0142niaj\u0105ce do poziomu podstawowego<br \/>\u00a0i rozszerzonego \u00a0( zestawienie w katalogu on-line)<\/li>\n<li>literatur\u0119 pi\u0119kn\u0105 polsk\u0105 i obc\u0105<\/li>\n<li>literatur\u0119 m\u0142odzie\u017cow\u0105<\/li>\n<li>fantastyk\u0119 i fantasy<\/li>\n<li>poradniki psychologiczne, zdrowego trybu \u017cycia, motywacyjne, rozwoju osobistego, itd.<\/li>\n<li>reporta\u017ce<\/li>\n<li>biografie ciekawych os\u00f3b<\/li>\n<li>nowo\u015bci wydawnicze\u00a0<\/li>\n<li>ksi\u0119gozbi\u00f3r podr\u0119czny<\/li>\n<li>materia\u0142y tworzone przez nauczycieli dla uczni\u00f3w<\/li>\n<li>pracownia ICIM (komputery)<\/li>\n<li>spok\u00f3j i miejsce do nauki lub relaksu<\/li>\n<\/ul>\n<p><strong>AKCJE CZYTELNICZE ( i nie tylko)<\/strong><\/p>\n<p>Z okazji Erasmus Day biblioteka szkolna przygotowa\u0142a wystawk\u0119 ksi\u0105\u017cek autor\u00f3w pisz\u0105cych w j\u0119zykach kraj\u00f3w, z kt\u00f3rymi nasza szko\u0142a wsp\u00f3\u0142pracuje w ramach programu Erasmus. Ksi\u0105\u017cki s\u0105 oczywi\u015bcie przet\u0142umaczone na j\u0119zyk polski, wi\u0119c zach\u0119cam do czytania!<\/p>\n<p>Na wystawie znajdziecie tak\u017ce kilka ksi\u0105\u017cek reporta\u017cowych przybli\u017caj\u0105cych \u017cycie w krajach uczestnicz\u0105cych w wymianie.<\/p>\n<\/p>\n\n\n<p>Od grudnia zaczynamy now\u0105 akcj\u0119 promuj\u0105c\u0105 czytanie. Raz na dwa tygodnie jedna osoba z grona pedagogicznego zaproponuje ksi\u0105\u017ck\u0119 i zach\u0119ci do jej przeczytania. Informacji szukajcie na tablicy ko\u0142o biblioteki.<\/p>\n\n\n\n<figure class=\"wp-block-image size-full\"><img loading=\"lazy\" decoding=\"async\" width=\"940\" height=\"788\" src=\"https:\/\/asnyk.edu.pl\/wp-content\/uploads\/2024\/12\/Nauczyciele-czytaja-i-polecaja-1-1.png\" alt=\"\" class=\"wp-image-14421\" srcset=\"https:\/\/asnyk.edu.pl\/wp-content\/uploads\/2024\/12\/Nauczyciele-czytaja-i-polecaja-1-1.png 940w, https:\/\/asnyk.edu.pl\/wp-content\/uploads\/2024\/12\/Nauczyciele-czytaja-i-polecaja-1-1-505x423.png 505w, https:\/\/asnyk.edu.pl\/wp-content\/uploads\/2024\/12\/Nauczyciele-czytaja-i-polecaja-1-1-205x172.png 205w, https:\/\/asnyk.edu.pl\/wp-content\/uploads\/2024\/12\/Nauczyciele-czytaja-i-polecaja-1-1-768x644.png 768w, https:\/\/asnyk.edu.pl\/wp-content\/uploads\/2024\/12\/Nauczyciele-czytaja-i-polecaja-1-1-358x300.png 358w\" sizes=\"auto, (max-width: 940px) 100vw, 940px\" \/><\/figure>\n\n\n\n<figure class=\"wp-block-gallery has-nested-images columns-default is-cropped wp-block-gallery-1 is-layout-flex wp-block-gallery-is-layout-flex\">\n<figure class=\"wp-block-image size-large\"><img loading=\"lazy\" decoding=\"async\" width=\"480\" height=\"640\" data-id=\"3318\" src=\"https:\/\/asnyk.edu.pl\/wp-content\/uploads\/2021\/10\/IMG_0588-1-1.jpg\" alt=\"\" class=\"wp-image-3318\" srcset=\"https:\/\/asnyk.edu.pl\/wp-content\/uploads\/2021\/10\/IMG_0588-1-1.jpg 480w, https:\/\/asnyk.edu.pl\/wp-content\/uploads\/2021\/10\/IMG_0588-1-1-375x500.jpg 375w, https:\/\/asnyk.edu.pl\/wp-content\/uploads\/2021\/10\/IMG_0588-1-1-150x200.jpg 150w, https:\/\/asnyk.edu.pl\/wp-content\/uploads\/2021\/10\/IMG_0588-1-1-225x300.jpg 225w\" sizes=\"auto, (max-width: 480px) 100vw, 480px\" \/><\/figure>\n\n\n\n<figure class=\"wp-block-image size-large\"><img loading=\"lazy\" decoding=\"async\" width=\"640\" height=\"480\" data-id=\"3319\" src=\"https:\/\/asnyk.edu.pl\/wp-content\/uploads\/2021\/10\/IMG_0589.jpg\" alt=\"\" class=\"wp-image-3319\" srcset=\"https:\/\/asnyk.edu.pl\/wp-content\/uploads\/2021\/10\/IMG_0589.jpg 640w, https:\/\/asnyk.edu.pl\/wp-content\/uploads\/2021\/10\/IMG_0589-500x375.jpg 500w, https:\/\/asnyk.edu.pl\/wp-content\/uploads\/2021\/10\/IMG_0589-200x150.jpg 200w, https:\/\/asnyk.edu.pl\/wp-content\/uploads\/2021\/10\/IMG_0589-400x300.jpg 400w\" sizes=\"auto, (max-width: 640px) 100vw, 640px\" \/><\/figure>\n\n\n\n<figure class=\"wp-block-image size-large\"><img loading=\"lazy\" decoding=\"async\" width=\"640\" height=\"480\" data-id=\"3320\" src=\"https:\/\/asnyk.edu.pl\/wp-content\/uploads\/2021\/10\/IMG_0590.jpg\" alt=\"\" class=\"wp-image-3320\" srcset=\"https:\/\/asnyk.edu.pl\/wp-content\/uploads\/2021\/10\/IMG_0590.jpg 640w, https:\/\/asnyk.edu.pl\/wp-content\/uploads\/2021\/10\/IMG_0590-500x375.jpg 500w, https:\/\/asnyk.edu.pl\/wp-content\/uploads\/2021\/10\/IMG_0590-200x150.jpg 200w, https:\/\/asnyk.edu.pl\/wp-content\/uploads\/2021\/10\/IMG_0590-400x300.jpg 400w\" sizes=\"auto, (max-width: 640px) 100vw, 640px\" \/><\/figure>\n<\/figure>\n\n\n\n<div class=\"x11i5rnm xat24cr x1mh8g0r x1vvkbs xdj266r x126k92a\">\n<div dir=\"auto\">W dniu 27 marca \u015bwi\u0119towali\u015bmy Dzie\u0144 Autor\u00f3w Europejskich, now\u0105 inicjatyw\u0119 Komisji Europejskiej oraz spo\u0142eczno\u015bci eTwinning.<\/div>\n<\/div>\n<div class=\"x11i5rnm xat24cr x1mh8g0r x1vvkbs xtlvy1s x126k92a\">\n<div dir=\"auto\">Grupa w\u0142oska z klasy 4c czyta\u0142a fragmenty powie\u015bci Eleny Ferrante, Oriany Fallaci oraz Daci Maraini.<\/div>\n<\/div>\n<div class=\"x11i5rnm xat24cr x1mh8g0r x1vvkbs xtlvy1s x126k92a\">\n<div dir=\"auto\">Natomiast grupa niemiecka doceni\u0142a proz\u0119 G\u00fcntera Grassa, a wszystko to w przytulnej atmosferze naszej szkolnej biblioteki.<\/div>\n<\/div>\n\n\n\n<div class=\"wp-block-dgwt-justified-gallery\">\n\t\t<style type=\"text\/css\">\n\t\t\t#gallery-1 {\n\t\t\t\tmargin: auto;\n\t\t\t}\n\t\t\t#gallery-1 .gallery-item {\n\t\t\t\tfloat: left;\n\t\t\t\tmargin-top: 10px;\n\t\t\t\ttext-align: center;\n\t\t\t\twidth: 33%;\n\t\t\t}\n\t\t\t#gallery-1 img {\n\t\t\t\tborder: 2px solid #cfcfcf;\n\t\t\t}\n\t\t\t#gallery-1 .gallery-caption {\n\t\t\t\tmargin-left: 0;\n\t\t\t}\n\t\t\t\/* see gallery_shortcode() in wp-includes\/media.php *\/\n\t\t<\/style>\n\t\t<div id='gallery-1' class='gallery galleryid-397 gallery-columns-3 gallery-size-thumbnail'><dl class='gallery-item'>\n\t\t\t<dt class='gallery-icon landscape'>\n\t\t\t\t<a href='https:\/\/asnyk.edu.pl\/?attachment_id=8925'><img loading=\"lazy\" decoding=\"async\" width=\"205\" height=\"153\" src=\"https:\/\/asnyk.edu.pl\/wp-content\/uploads\/2023\/03\/1a-6-205x153.jpg\" class=\"attachment-thumbnail size-thumbnail\" alt=\"\" srcset=\"https:\/\/asnyk.edu.pl\/wp-content\/uploads\/2023\/03\/1a-6-205x153.jpg 205w, https:\/\/asnyk.edu.pl\/wp-content\/uploads\/2023\/03\/1a-6-505x378.jpg 505w, https:\/\/asnyk.edu.pl\/wp-content\/uploads\/2023\/03\/1a-6-1500x1122.jpg 1500w, https:\/\/asnyk.edu.pl\/wp-content\/uploads\/2023\/03\/1a-6-768x574.jpg 768w, https:\/\/asnyk.edu.pl\/wp-content\/uploads\/2023\/03\/1a-6-1536x1149.jpg 1536w, https:\/\/asnyk.edu.pl\/wp-content\/uploads\/2023\/03\/1a-6-401x300.jpg 401w, https:\/\/asnyk.edu.pl\/wp-content\/uploads\/2023\/03\/1a-6.jpg 2000w\" sizes=\"auto, (max-width: 205px) 100vw, 205px\" \/><\/a>\n\t\t\t<\/dt><\/dl><dl class='gallery-item'>\n\t\t\t<dt class='gallery-icon portrait'>\n\t\t\t\t<a href='https:\/\/asnyk.edu.pl\/?attachment_id=8926'><img loading=\"lazy\" decoding=\"async\" width=\"153\" height=\"205\" src=\"https:\/\/asnyk.edu.pl\/wp-content\/uploads\/2023\/03\/2-18-153x205.jpg\" class=\"attachment-thumbnail size-thumbnail\" alt=\"\" srcset=\"https:\/\/asnyk.edu.pl\/wp-content\/uploads\/2023\/03\/2-18-153x205.jpg 153w, https:\/\/asnyk.edu.pl\/wp-content\/uploads\/2023\/03\/2-18-378x505.jpg 378w, https:\/\/asnyk.edu.pl\/wp-content\/uploads\/2023\/03\/2-18-898x1200.jpg 898w, https:\/\/asnyk.edu.pl\/wp-content\/uploads\/2023\/03\/2-18-768x1027.jpg 768w, https:\/\/asnyk.edu.pl\/wp-content\/uploads\/2023\/03\/2-18-1149x1536.jpg 1149w, https:\/\/asnyk.edu.pl\/wp-content\/uploads\/2023\/03\/2-18-224x300.jpg 224w, https:\/\/asnyk.edu.pl\/wp-content\/uploads\/2023\/03\/2-18.jpg 1496w\" sizes=\"auto, (max-width: 153px) 100vw, 153px\" \/><\/a>\n\t\t\t<\/dt><\/dl><dl class='gallery-item'>\n\t\t\t<dt class='gallery-icon landscape'>\n\t\t\t\t<a href='https:\/\/asnyk.edu.pl\/?attachment_id=8927'><img loading=\"lazy\" decoding=\"async\" width=\"205\" height=\"153\" src=\"https:\/\/asnyk.edu.pl\/wp-content\/uploads\/2023\/03\/3-18-205x153.jpg\" class=\"attachment-thumbnail size-thumbnail\" alt=\"\" srcset=\"https:\/\/asnyk.edu.pl\/wp-content\/uploads\/2023\/03\/3-18-205x153.jpg 205w, https:\/\/asnyk.edu.pl\/wp-content\/uploads\/2023\/03\/3-18-505x378.jpg 505w, https:\/\/asnyk.edu.pl\/wp-content\/uploads\/2023\/03\/3-18-1500x1122.jpg 1500w, https:\/\/asnyk.edu.pl\/wp-content\/uploads\/2023\/03\/3-18-768x574.jpg 768w, https:\/\/asnyk.edu.pl\/wp-content\/uploads\/2023\/03\/3-18-1536x1149.jpg 1536w, https:\/\/asnyk.edu.pl\/wp-content\/uploads\/2023\/03\/3-18-401x300.jpg 401w, https:\/\/asnyk.edu.pl\/wp-content\/uploads\/2023\/03\/3-18.jpg 2000w\" sizes=\"auto, (max-width: 205px) 100vw, 205px\" \/><\/a>\n\t\t\t<\/dt><\/dl><br style=\"clear: both\" \/>\n\t\t<\/div>\n<\/div>\n","protected":false},"excerpt":{"rendered":"<p>\u00a0 \u00a0 Bibliotekarze: mgr Magdalena Stajewska, mgr Urszula Miarczy\u0144ska &#8211; Micorek Biblioteka jest czynna : poniedzia\u0142ek\u00a0 7.30 &#8211; 15.30 wtorek 7.30 &#8211; 17.00 \u015broda 7.30 &#8211; 17.00 czwartek 7.30 &#8211; 16.30 pi\u0105tek 7.30 &#8211; 15.00 Katalog on-line w programie MOLNET+\u00a0 &hellip; <a href=\"https:\/\/asnyk.edu.pl\/?page_id=397\">Czytaj dalej <span class=\"meta-nav\">&rarr;<\/span><\/a><\/p>\n","protected":false},"author":5,"featured_media":0,"parent":0,"menu_order":0,"comment_status":"closed","ping_status":"closed","template":"","meta":{"footnotes":"","_links_to":"","_links_to_target":""},"class_list":["post-397","page","type-page","status-publish","hentry"],"_links":{"self":[{"href":"https:\/\/asnyk.edu.pl\/index.php?rest_route=\/wp\/v2\/pages\/397","targetHints":{"allow":["GET"]}}],"collection":[{"href":"https:\/\/asnyk.edu.pl\/index.php?rest_route=\/wp\/v2\/pages"}],"about":[{"href":"https:\/\/asnyk.edu.pl\/index.php?rest_route=\/wp\/v2\/types\/page"}],"author":[{"embeddable":true,"href":"https:\/\/asnyk.edu.pl\/index.php?rest_route=\/wp\/v2\/users\/5"}],"replies":[{"embeddable":true,"href":"https:\/\/asnyk.edu.pl\/index.php?rest_route=%2Fwp%2Fv2%2Fcomments&post=397"}],"version-history":[{"count":14,"href":"https:\/\/asnyk.edu.pl\/index.php?rest_route=\/wp\/v2\/pages\/397\/revisions"}],"predecessor-version":[{"id":14423,"href":"https:\/\/asnyk.edu.pl\/index.php?rest_route=\/wp\/v2\/pages\/397\/revisions\/14423"}],"wp:attachment":[{"href":"https:\/\/asnyk.edu.pl\/index.php?rest_route=%2Fwp%2Fv2%2Fmedia&parent=397"}],"curies":[{"name":"wp","href":"https:\/\/api.w.org\/{rel}","templated":true}]}}