{"id":3176,"date":"2021-09-19T13:22:40","date_gmt":"2021-09-19T13:22:40","guid":{"rendered":"https:\/\/asnyk.edu.pl\/?page_id=3176"},"modified":"2021-09-19T13:22:40","modified_gmt":"2021-09-19T13:22:40","slug":"erasmus-days","status":"publish","type":"page","link":"https:\/\/asnyk.edu.pl\/?page_id=3176","title":{"rendered":"Erasmus Days"},"content":{"rendered":"\n<figure class=\"wp-block-image size-large\"><img loading=\"lazy\" decoding=\"async\" width=\"970\" height=\"250\" src=\"https:\/\/asnyk.edu.pl\/wp-content\/uploads\/2021\/09\/web_banner_970X250px.jpg\" alt=\"\" class=\"wp-image-3177\" srcset=\"https:\/\/asnyk.edu.pl\/wp-content\/uploads\/2021\/09\/web_banner_970X250px.jpg 970w, https:\/\/asnyk.edu.pl\/wp-content\/uploads\/2021\/09\/web_banner_970X250px-500x129.jpg 500w, https:\/\/asnyk.edu.pl\/wp-content\/uploads\/2021\/09\/web_banner_970X250px-200x52.jpg 200w, https:\/\/asnyk.edu.pl\/wp-content\/uploads\/2021\/09\/web_banner_970X250px-768x198.jpg 768w\" sizes=\"auto, (max-width: 970px) 100vw, 970px\" \/><\/figure>\n\n\n\n<p>Nasza szko\u0142a przyst\u0105pi\u0142a do wydarzenia Erasmus Days, kt\u00f3re odb\u0119dzie si\u0119 15 pa\u017adziernika 2021.<\/p>\n<p>Kultura wybranych kraj\u00f3w europejskich zostanie zeprezentowana przez przedstawicieli wi\u0119kszo\u015bci klas w szkole w j\u0119zyku angielskim.<\/p>\n<p>Wydarzenie b\u0119dzie mia\u0142o form\u0119 prezentacji stoisk po\u015bwi\u0119conych wylosowanym krajom europejskim.<\/p>\n","protected":false},"excerpt":{"rendered":"<p>Nasza szko\u0142a przyst\u0105pi\u0142a do wydarzenia Erasmus Days, kt\u00f3re odb\u0119dzie si\u0119 15 pa\u017adziernika 2021. Kultura wybranych kraj\u00f3w europejskich zostanie zeprezentowana przez przedstawicieli wi\u0119kszo\u015bci klas w szkole w j\u0119zyku angielskim. Wydarzenie b\u0119dzie mia\u0142o form\u0119 prezentacji stoisk po\u015bwi\u0119conych wylosowanym krajom europejskim.<\/p>\n","protected":false},"author":5,"featured_media":0,"parent":0,"menu_order":0,"comment_status":"closed","ping_status":"closed","template":"","meta":{"footnotes":"","_links_to":"","_links_to_target":""},"class_list":["post-3176","page","type-page","status-publish","hentry"],"_links":{"self":[{"href":"https:\/\/asnyk.edu.pl\/index.php?rest_route=\/wp\/v2\/pages\/3176","targetHints":{"allow":["GET"]}}],"collection":[{"href":"https:\/\/asnyk.edu.pl\/index.php?rest_route=\/wp\/v2\/pages"}],"about":[{"href":"https:\/\/asnyk.edu.pl\/index.php?rest_route=\/wp\/v2\/types\/page"}],"author":[{"embeddable":true,"href":"https:\/\/asnyk.edu.pl\/index.php?rest_route=\/wp\/v2\/users\/5"}],"replies":[{"embeddable":true,"href":"https:\/\/asnyk.edu.pl\/index.php?rest_route=%2Fwp%2Fv2%2Fcomments&post=3176"}],"version-history":[{"count":1,"href":"https:\/\/asnyk.edu.pl\/index.php?rest_route=\/wp\/v2\/pages\/3176\/revisions"}],"predecessor-version":[{"id":3179,"href":"https:\/\/asnyk.edu.pl\/index.php?rest_route=\/wp\/v2\/pages\/3176\/revisions\/3179"}],"wp:attachment":[{"href":"https:\/\/asnyk.edu.pl\/index.php?rest_route=%2Fwp%2Fv2%2Fmedia&parent=3176"}],"curies":[{"name":"wp","href":"https:\/\/api.w.org\/{rel}","templated":true}]}}