{"id":3114,"date":"2021-08-17T09:22:48","date_gmt":"2021-08-17T09:22:48","guid":{"rendered":"http:\/\/asnyk.edu.pl\/?page_id=3114"},"modified":"2021-08-17T09:26:51","modified_gmt":"2021-08-17T09:26:51","slug":"epuap","status":"publish","type":"page","link":"https:\/\/asnyk.edu.pl\/?page_id=3114","title":{"rendered":"ePUAP"},"content":{"rendered":"\n<ul>\n<li><strong>Podmioty realizuj\u0105ce zadania publiczne obowi\u0105zane s\u0105 posiada\u0107 elektroniczn\u0105 skrzynk\u0119 podawcz\u0105.<\/strong><\/li>\n<\/ul>\n<p>Elektroniczna skrzynka podawcza pozwala na dor\u0119czanie do instytucji pism podpisanych bezpiecznym podpisem elektronicznym w spos\u00f3b zapewniaj\u0105cy otrzymanie urz\u0119dowego po\u015bwiadczenia przed\u0142o\u017cenia (UPP).<\/p>\n<p>UPP jest dowodem dor\u0119czenia pisma, a widniej\u0105ca na nim data stanowi dat\u0119 dor\u0119czenia.<\/p>\n<ul>\n<li><strong>Dostarczenie do\u00a0 dokumentu elektronicznego II Liceum Og\u00f3lnokszta\u0142c\u0105cego im. Adama Asnyka w Bielsku &#8211; Bia\u0142ej<\/strong><\/li>\n<\/ul>\n<p>W celu dostarczenia do II Liceum Og\u00f3lnokszta\u0142c\u0105cego im. Adama Asnyka w Bielsku &#8211; Bia\u0142ej \u00a0dokumentu elektronicznego nale\u017cy zarejestrowa\u0107 si\u0119 na elektronicznej platformie us\u0142ug administracji publicznej (ePUAP) pod adresem <a class=\"newWindow\" href=\"http:\/\/www.epuap.gov.pl\/\" target=\"_blank\" rel=\"noopener\">epuap.gov.pl<\/a>.<\/p>\n<p><strong>Po za\u0142o\u017ceniu konta i zalogowaniu si\u0119 na ePUAP u\u017cytkownik ma dost\u0119p do elektronicznej skrzynki podawczej II Liceum Og\u00f3lnokszta\u0142c\u0105cego im. Adama Asnyka w Bielsku &#8211; Bia\u0142ej\u00a0 Wystarczy klikn\u0105\u0107 w link:<\/strong><\/p>\n<p><a href=\"https:\/\/epuap.gov.pl\/wps\/portal\/strefa-klienta\/katalog-spraw\/profil-urzedu\/2LOASNYKBIELSKOBIALA\">https:\/\/epuap.gov.pl\/wps\/portal\/strefa-klienta\/katalog-spraw\/profil-urzedu\/2LOASNYKBIELSKOBIALA<\/a><\/p>\n<p>Za jego pomoc\u0105 za\u0142atwi\u0105 Pa\u0144stwo ka\u017cd\u0105 spraw\u0119 nale\u017c\u0105c\u0105 do kompetencji II Liceum Og\u00f3lnokszta\u0142c\u0105cego im. Adama Asnyka w Bielsku &#8211; Bia\u0142ej. Do formularza mo\u017cna dodawa\u0107 za\u0142\u0105czniki o nast\u0119puj\u0105cych rozszerzeniach: .doc, .docx, .gif, .jpg (.jpeg), .ods, .odt, .pdf, .png, .rtf, .svg, .tif(.tiff), .txt, .xls, .xlsx, .xml. Maksymalny rozmiar dokumentu elektronicznego to 5 megabajt\u00f3w.<\/p>\n<p>Pliki zawieraj\u0105ce szkodliwe oprogramowanie b\u0119d\u0105 automatycznie usuwane.<\/p>\n<p>Odno\u015bnie spraw za\u0142atwianych w trybie post\u0119powania administracyjnego konieczne jest podanie imienia, nazwiska, adresu osoby wnosz\u0105cej pismo oraz jej podpisu. Elektroniczna skrzynka podawcza obs\u0142uguje zar\u00f3wno bezpieczny kwalifikowany podpis elektroniczny jak i jego darmowy odpowiednik, czyli profil zaufany ePUAP.<\/p>\n<ul>\n<li><strong>Profil zaufany ePUAP<\/strong><\/li>\n<\/ul>\n<p>Profil zaufany ePUAP ka\u017cda (pe\u0142noletnia) osoba zak\u0142ada r\u00f3wnie\u017c za po\u015brednictwem platformy\u00a0<a href=\"http:\/\/www.epuap.gov.pl\/\">epuap.gov.pl<\/a>.<\/p>\n<p>Po z\u0142o\u017ceniu wniosku w systemie profil zaufany mo\u017cna potwierdzi\u0107 w ci\u0105gu 14 dni w ka\u017cdym urz\u0119dzie skarbowym, w ka\u017cdym urz\u0119dzie wojew\u00f3dzkim, w wybranych oddzia\u0142ach ZUS i wybranych urz\u0119dach gmin.\u00a0<a class=\"newWindow\" href=\"http:\/\/epuap.gov.pl\/wps\/portal\/%21ut\/p\/c1\/04_SB8K8xLLM9MSSzPy8xBz9CP0os3gTcy8fU09LYwOLUC8TA09DXwtnPxd3QxMDM_2CbEdFAA01uZQ%21\/\" target=\"_blank\" rel=\"noopener\">Lista punkt\u00f3w potwierdzaj\u0105cych<\/a>. Punkty potwierdzaj\u0105ce s\u0105 odpowiednio oznakowane.<\/p>\n<p><a class=\"newWindow\" href=\"http:\/\/epuap.gov.pl\/wps\/portal\/%21ut\/p\/c1\/hc3LDoIwEAXQLzIzpdDikldLrWFhfQAb0hhCmvBwYUz8ezGuK3OX594MtLBmti832KdbZjtCDS3rRFaejJYE4yQtUJnA5IZkGF_C1RuvS8o21rfvP3_jzP-6pNGGs5-j5xKEqlymHhpoeRfywzFSe4rIdY4qENe00hJjQaAZ-8He3_CYanRqJz5r4xfC\/dl2\/d1\/L0lDU0lKSWdrbUEhIS9JRFJBQUlpQ2dBek15cXchL1lCSkoxTkExTkk1MC01RncvN180N0pMNUk5MzAwN0tEMEkyRlZCTktHMDhGMy81MnJfXzEwOQ%21%21\/?WCM_PORTLET=PC_7_47JL5I93007KD0I2FVBNKG08F3_WCM&amp;WCM_GLOBAL_CONTEXT=\/wps\/wcm\/connect\/epuap2\/ePUAP2\/PL\/Pomoc\/Obywatele\/Najczesciej+zadawane+pytania+-+profil+zaufany\/\" target=\"_blank\" rel=\"noopener\">Najcz\u0119\u015bciej zadawane pytania odno\u015bnie profilu zaufanego<\/a><\/p>\n<p><a class=\"newWindow\" href=\"http:\/\/epuap.gov.pl\/wps\/portal\/%21ut\/p\/c1\/hc3LDoIwEAXQLzIzUGhxyaul1rCwPmg3pDGENOHhwpj492JcI3OX594MWFgyuZfv3dPPkxugAUtbnlcnrUSASZqVKHWoCx3kmFyixc2qC0I31rfvv_XGmf11QeINpz_HlUsR6moeOzBgWRuxwzGWe4LIVIEy5NesVgITTsAMXe_ub3iMDXq54x_oiMPH\/dl2\/d1\/L0lJSklna21BL0lKakFBTXlBQkVSQ0pBISEvWUZOQTFOSTUwLTVGd0EhIS83XzQ3Skw1STkzMDA3S0QwSTJGVkJOS0cwOEYzL24zcl9fMTEz\/?WCM_PORTLET=PC_7_47JL5I93007KD0I2FVBNKG08F3_WCM&amp;WCM_GLOBAL_CONTEXT=\/wps\/wcm\/connect\/epuap2\/ePUAP2\/PL\/Pomoc\/Obywatele\/Filmy+instruktazowe\/\" target=\"_blank\" rel=\"noopener\">Trzy filmy instrukta\u017cowe odno\u015bnie rejestracji na platformie ePUAP oraz odno\u015bnie profilu zaufanego<\/a><\/p>\n<ul>\n<li><strong>Z\u0142o\u017cenie pisma podpisanego bezpiecznym podpisem elektronicznym<\/strong><\/li>\n<\/ul>\n<p>Obok mo\u017cliwo\u015bci z\u0142o\u017cenia dokumentu elektronicznego za pomoc\u0105 elektronicznej skrzynki podawczej istnieje mo\u017cliwo\u015b\u0107 z\u0142o\u017cenia pisma podpisanego bezpiecznym podpisem elektronicznym w sekretariacie szko\u0142y II Liceum Og\u00f3lnokszta\u0142c\u0105cego im. Adama Asnyka w Bielsku &#8211; Bia\u0142ej, w godzinach jego pracy. Podpisany elektronicznie plik mo\u017ce by\u0107 dostarczony na p\u0142ycie CD albo przeno\u015bnym dysku (pendrive). No\u015bnik musi umo\u017cliwia\u0107 zapisanie na nim urz\u0119dowego po\u015bwiadczenia przed\u0142o\u017cenia (UPP).<\/p>\n<div align=\"center\"><hr align=\"center\" size=\"3\" width=\"100%\" \/><\/div>\n<p>Wybrane przepisy Kodeksu post\u0119powania administracyjnego dotycz\u0105ce dokument\u00f3w elektronicznych: Art. 14, Art. 39(1), Art. 63, Art. 46, Art. 217 \u00a7 4.<\/p>\n","protected":false},"excerpt":{"rendered":"<p>Podmioty realizuj\u0105ce zadania publiczne obowi\u0105zane s\u0105 posiada\u0107 elektroniczn\u0105 skrzynk\u0119 podawcz\u0105. Elektroniczna skrzynka podawcza pozwala na dor\u0119czanie do instytucji pism podpisanych bezpiecznym podpisem elektronicznym w spos\u00f3b zapewniaj\u0105cy otrzymanie urz\u0119dowego po\u015bwiadczenia przed\u0142o\u017cenia (UPP). UPP jest dowodem dor\u0119czenia pisma, a widniej\u0105ca na nim &hellip; <a href=\"https:\/\/asnyk.edu.pl\/?page_id=3114\">Czytaj dalej <span class=\"meta-nav\">&rarr;<\/span><\/a><\/p>\n","protected":false},"author":5,"featured_media":0,"parent":0,"menu_order":0,"comment_status":"closed","ping_status":"closed","template":"","meta":{"footnotes":"","_links_to":"","_links_to_target":""},"class_list":["post-3114","page","type-page","status-publish","hentry"],"_links":{"self":[{"href":"https:\/\/asnyk.edu.pl\/index.php?rest_route=\/wp\/v2\/pages\/3114","targetHints":{"allow":["GET"]}}],"collection":[{"href":"https:\/\/asnyk.edu.pl\/index.php?rest_route=\/wp\/v2\/pages"}],"about":[{"href":"https:\/\/asnyk.edu.pl\/index.php?rest_route=\/wp\/v2\/types\/page"}],"author":[{"embeddable":true,"href":"https:\/\/asnyk.edu.pl\/index.php?rest_route=\/wp\/v2\/users\/5"}],"replies":[{"embeddable":true,"href":"https:\/\/asnyk.edu.pl\/index.php?rest_route=%2Fwp%2Fv2%2Fcomments&post=3114"}],"version-history":[{"count":4,"href":"https:\/\/asnyk.edu.pl\/index.php?rest_route=\/wp\/v2\/pages\/3114\/revisions"}],"predecessor-version":[{"id":3120,"href":"https:\/\/asnyk.edu.pl\/index.php?rest_route=\/wp\/v2\/pages\/3114\/revisions\/3120"}],"wp:attachment":[{"href":"https:\/\/asnyk.edu.pl\/index.php?rest_route=%2Fwp%2Fv2%2Fmedia&parent=3114"}],"curies":[{"name":"wp","href":"https:\/\/api.w.org\/{rel}","templated":true}]}}