{"id":3,"date":"2018-06-28T08:17:24","date_gmt":"2018-06-28T08:17:24","guid":{"rendered":"https:\/\/asnyk.edu.pl\/?page_id=3"},"modified":"2024-10-09T10:55:35","modified_gmt":"2024-10-09T10:55:35","slug":"privacy-policy","status":"publish","type":"page","link":"https:\/\/asnyk.edu.pl\/?page_id=3","title":{"rendered":"Kontakt"},"content":{"rendered":"<table style=\"width: 102.372%;\">\n<tbody>\n<tr>\n<td style=\"width: 98.4026%;\">\n<h1 style=\"text-align: center;\"><span style=\"font-size: 14pt;\">II Liceum\u00a0 Og\u00f3lnokszta\u0142c\u0105ce<\/span><br \/><span style=\"font-size: 14pt;\">im. Adama Asnyka<\/span><br \/><span style=\"font-size: 14pt;\">w Bielsku &#8211; Bia\u0142ej<\/span><\/h1>\n<p style=\"text-align: center;\">43-300 Bielsko-Bia\u0142a<br \/>ul. Jutrzenki 13<br \/>33 812 21 65<br \/>biuro@asnyk.edu.pl<br \/>www.asnyk.edu.pl<\/p>\n<p style=\"text-align: center;\">sekretariat szko\u0142y otwarty jest w godzinach:<\/p>\n<p style=\"text-align: center;\">8:00 &#8211; 14:00<\/p>\n<p style=\"text-align: center;\"><span style=\"color: #808080;\"><strong><em>Inspektor ochrony danych osobowych:<\/em><\/strong><\/span><\/p>\n<p style=\"text-align: center;\">Robert Michalski<br \/>biuro@asnyk.edu.pl<br \/>tel. 33 812 21 65<\/p>\n<p style=\"text-align: center;\"><em><span style=\"color: #808080;\"><strong>Regulamin zg\u0142osze\u0144 wewn\u0119trznych<\/strong><\/span><br \/><br \/><\/em><a href=\"https:\/\/asnyk.edu.pl\/wp-content\/uploads\/2024\/10\/Regulamin-Sygnalisci-2023.pdf\">&gt;&gt;pobierz&gt;&gt;<\/a><br \/>sygnalista@asnyk.edu.pl<\/p>\n<\/td>\n<td style=\"width: 1.59744%;\">\u00a0<\/td>\n<\/tr>\n<tr>\n<td style=\"width: 98.4026%;\"><iframe loading=\"lazy\" style=\"border: 0;\" src=\"https:\/\/www.google.com\/maps\/embed?pb=!1m18!1m12!1m3!1d2574.7599453541966!2d19.06139871570823!3d49.809380579392005!2m3!1f0!2f0!3f0!3m2!1i1024!2i768!4f13.1!3m3!1m2!1s0x47169f74062acfc1%3A0xa7672ea0e323807!2sII+Liceum+Og%C3%B3lnokszta%C5%82c%C4%85ce+im.+A.+Asnyka!5e0!3m2!1spl!2spl!4v1530274940698\" width=\"600\" height=\"450\" frameborder=\"0\" allowfullscreen=\"allowfullscreen\"><\/iframe><\/td>\n<\/tr>\n<\/tbody>\n<\/table>\n\n<div class=\"wp-block-post-date\"><time datetime=\"2018-06-28T08:17:24+00:00\">28 czerwca, 2018<\/time><\/div>\n\n<div class=\"wp-block-post-author\"><div class=\"wp-block-post-author__avatar\"><img alt='' src='https:\/\/secure.gravatar.com\/avatar\/2bd91219d8f83d3aabb85e6c1e7a58a397cd553308a241347f330cc76853b5d3?s=48&#038;d=mm&#038;r=g' srcset='https:\/\/secure.gravatar.com\/avatar\/2bd91219d8f83d3aabb85e6c1e7a58a397cd553308a241347f330cc76853b5d3?s=96&#038;d=mm&#038;r=g 2x' class='avatar avatar-48 photo' height='48' width='48' \/><\/div><div class=\"wp-block-post-author__content\"><p class=\"wp-block-post-author__name\">admin<\/p><\/div><\/div>","protected":false},"excerpt":{"rendered":"<p>II Liceum\u00a0 Og\u00f3lnokszta\u0142c\u0105ceim. Adama Asnykaw Bielsku &#8211; Bia\u0142ej 43-300 Bielsko-Bia\u0142aul. Jutrzenki 1333 812 21 65biuro@asnyk.edu.plwww.asnyk.edu.pl sekretariat szko\u0142y otwarty jest w godzinach: 8:00 &#8211; 14:00 Inspektor ochrony danych osobowych: Robert Michalskibiuro@asnyk.edu.pltel. 33 812 21 65 Regulamin zg\u0142osze\u0144 wewn\u0119trznych &gt;&gt;pobierz&gt;&gt;sygnalista@asnyk.edu.pl \u00a0<\/p>\n","protected":false},"author":1,"featured_media":0,"parent":0,"menu_order":0,"comment_status":"closed","ping_status":"closed","template":"","meta":{"footnotes":"","_links_to":"","_links_to_target":""},"class_list":["post-3","page","type-page","status-publish","hentry"],"_links":{"self":[{"href":"https:\/\/asnyk.edu.pl\/index.php?rest_route=\/wp\/v2\/pages\/3","targetHints":{"allow":["GET"]}}],"collection":[{"href":"https:\/\/asnyk.edu.pl\/index.php?rest_route=\/wp\/v2\/pages"}],"about":[{"href":"https:\/\/asnyk.edu.pl\/index.php?rest_route=\/wp\/v2\/types\/page"}],"author":[{"embeddable":true,"href":"https:\/\/asnyk.edu.pl\/index.php?rest_route=\/wp\/v2\/users\/1"}],"replies":[{"embeddable":true,"href":"https:\/\/asnyk.edu.pl\/index.php?rest_route=%2Fwp%2Fv2%2Fcomments&post=3"}],"version-history":[{"count":13,"href":"https:\/\/asnyk.edu.pl\/index.php?rest_route=\/wp\/v2\/pages\/3\/revisions"}],"predecessor-version":[{"id":13967,"href":"https:\/\/asnyk.edu.pl\/index.php?rest_route=\/wp\/v2\/pages\/3\/revisions\/13967"}],"wp:attachment":[{"href":"https:\/\/asnyk.edu.pl\/index.php?rest_route=%2Fwp%2Fv2%2Fmedia&parent=3"}],"curies":[{"name":"wp","href":"https:\/\/api.w.org\/{rel}","templated":true}]}}