{"id":285,"date":"2023-06-27T08:15:28","date_gmt":"2023-06-27T08:15:28","guid":{"rendered":"https:\/\/asnyk.edu.pl\/?page_id=285"},"modified":"2023-09-04T11:45:55","modified_gmt":"2023-09-04T11:45:55","slug":"podreczniki","status":"publish","type":"page","link":"https:\/\/asnyk.edu.pl\/?page_id=285","title":{"rendered":"Podr\u0119czniki"},"content":{"rendered":"<h6 style=\"text-align: center;\"><strong><span style=\"background-color: #ffffff; color: #000000;\">WYKAZ PODR\u0118CZNIK\u00d3W<br \/>ROK SZKLNY 2023\/2024<\/span><\/strong><\/h6>\n<table style=\"border-collapse: collapse; width: 99.8371%; height: 184px;\">\n<tbody>\n<tr style=\"height: 19px;\">\n<td style=\"width: 25%; height: 19px;\">I klasa\u00a0<\/td>\n<td style=\"width: 25%; height: 19px;\">II klasa a,b,c,d<\/td>\n<td style=\"width: 25%; height: 19px;\">III klasa<\/td>\n<td style=\"width: 25%; height: 19px;\">IV klasa<\/td>\n<\/tr>\n<tr style=\"height: 73px;\">\n<td style=\"width: 25%; height: 73px;\"><a href=\"https:\/\/asnyk.edu.pl\/wp-content\/uploads\/2023\/08\/podreczniki-kl-1.pdf\"><img loading=\"lazy\" decoding=\"async\" class=\"alignleft wp-image-286\" src=\"http:\/\/asnyk.edu.pl\/wp-content\/uploads\/2018\/06\/pdf-e1530366083761.jpg\" alt=\"\" width=\"45\" height=\"45\" \/><\/a><\/td>\n<td style=\"width: 25%; height: 73px;\"><a href=\"https:\/\/asnyk.edu.pl\/wp-content\/uploads\/2023\/06\/podreczniki-2abcd-23-24.pdf\"><img loading=\"lazy\" decoding=\"async\" class=\"alignleft wp-image-286\" src=\"http:\/\/asnyk.edu.pl\/wp-content\/uploads\/2018\/06\/pdf-e1530366083761.jpg\" alt=\"\" width=\"45\" height=\"45\" \/><\/a><\/td>\n<td style=\"width: 25%; height: 73px;\"><a href=\"https:\/\/asnyk.edu.pl\/wp-content\/uploads\/2023\/06\/podreczniki-klasy-III.pdf\"><img loading=\"lazy\" decoding=\"async\" class=\"alignleft wp-image-286\" src=\"http:\/\/asnyk.edu.pl\/wp-content\/uploads\/2018\/06\/pdf-e1530366083761.jpg\" alt=\"\" width=\"45\" height=\"45\" \/><\/a><\/td>\n<td style=\"width: 25%; height: 73px;\"><a href=\"https:\/\/asnyk.edu.pl\/wp-content\/uploads\/2023\/06\/podreczniki-kl-IV.pdf\"><img loading=\"lazy\" decoding=\"async\" class=\"alignleft wp-image-286\" src=\"http:\/\/asnyk.edu.pl\/wp-content\/uploads\/2018\/06\/pdf-e1530366083761.jpg\" alt=\"\" width=\"45\" height=\"45\" \/><\/a><\/td>\n<\/tr>\n<tr style=\"height: 19px;\">\n<td style=\"width: 25%; height: 19px;\">\u00a0<\/td>\n<td style=\"width: 25%; height: 19px;\">II klasa e,f,g<\/td>\n<td style=\"width: 25%; height: 19px;\">\u00a0<\/td>\n<td style=\"width: 25%; height: 19px;\">\u00a0<\/td>\n<\/tr>\n<tr style=\"height: 73px;\">\n<td style=\"width: 25%; height: 73px;\">\u00a0<\/td>\n<td style=\"width: 25%; height: 73px;\"><a href=\"https:\/\/asnyk.edu.pl\/wp-content\/uploads\/2023\/06\/podreczniki-2efg.pdf\"><img loading=\"lazy\" decoding=\"async\" class=\"alignleft wp-image-286\" src=\"http:\/\/asnyk.edu.pl\/wp-content\/uploads\/2018\/06\/pdf-e1530366083761.jpg\" alt=\"\" width=\"45\" height=\"45\" \/><\/a><\/td>\n<td style=\"width: 25%; height: 73px;\">\u00a0<\/td>\n<td style=\"width: 25%; height: 73px;\">\u00a0<\/td>\n<\/tr>\n<\/tbody>\n<\/table>\n\n\n<p class=\"has-text-align-center has-very-dark-gray-color has-text-color\"><strong><em>WYKAZ PROGRAM\u00d3W OBOWI\u0104ZUJ\u0104CYCH W LICEUM <\/em><\/strong><\/p>\n\n\n\n<p class=\"has-text-align-center has-very-dark-gray-color has-text-color\"><strong><em>W ROKU SZKOLNYM 2023\/2024<a href=\"http:\/\/asnyk.edu.pl\/wp-content\/uploads\/2020\/06\/wykaz_programow_klasy_po_gimnazjum.pdf\"> <\/a><a href=\"https:\/\/asnyk.edu.pl\/wp-content\/uploads\/2023\/08\/Programy-nauczania.pdf\">>>pobierz>><\/a><\/em><\/strong><\/p>\n\n\n\n<p><strong>Biznes i zarz\u0105dzanie kl1<\/strong><\/p>\n\n\n\n<p><strong>Podr\u0119cznik plus zeszyt \u0107wicze\u0144<\/strong><\/p>\n\n\n\n<p>do liceum og\u00f3lnokszta\u0142c\u0105cego i technikum,&nbsp;<strong>zakres podstawowy<\/strong><\/p>\n\n\n\n<p>Nr dopuszczenia: 1193\/1\/2023 Autorzy: Zbigniew Makie\u0142a, Tomasz Rachwa\u0142\u00a0<\/p>\n\n\n\n<p>wi\u0119cej informacji <a href=\"https:\/\/www.nowaera.pl\/oferta-edukacyjna\/reforma\/szkola-ponadpodstawowa\/biznes-i-zarzadzanie\">>>tutaj>><\/a><\/p>\n\n\n\n<p><\/p>\n\n\n","protected":false},"excerpt":{"rendered":"<p>WYKAZ PODR\u0118CZNIK\u00d3WROK SZKLNY 2023\/2024 I klasa\u00a0 II klasa a,b,c,d III klasa IV klasa \u00a0 II klasa e,f,g \u00a0 \u00a0 \u00a0 \u00a0 \u00a0 WYKAZ PROGRAM\u00d3W OBOWI\u0104ZUJ\u0104CYCH W LICEUM W ROKU SZKOLNYM 2023\/2024 >>pobierz>> Biznes i zarz\u0105dzanie kl1 Podr\u0119cznik plus zeszyt \u0107wicze\u0144 &hellip; <a href=\"https:\/\/asnyk.edu.pl\/?page_id=285\">Czytaj dalej <span class=\"meta-nav\">&rarr;<\/span><\/a><\/p>\n","protected":false},"author":1,"featured_media":0,"parent":0,"menu_order":0,"comment_status":"closed","ping_status":"closed","template":"","meta":{"footnotes":"","_links_to":"","_links_to_target":""},"class_list":["post-285","page","type-page","status-publish","hentry"],"_links":{"self":[{"href":"https:\/\/asnyk.edu.pl\/index.php?rest_route=\/wp\/v2\/pages\/285","targetHints":{"allow":["GET"]}}],"collection":[{"href":"https:\/\/asnyk.edu.pl\/index.php?rest_route=\/wp\/v2\/pages"}],"about":[{"href":"https:\/\/asnyk.edu.pl\/index.php?rest_route=\/wp\/v2\/types\/page"}],"author":[{"embeddable":true,"href":"https:\/\/asnyk.edu.pl\/index.php?rest_route=\/wp\/v2\/users\/1"}],"replies":[{"embeddable":true,"href":"https:\/\/asnyk.edu.pl\/index.php?rest_route=%2Fwp%2Fv2%2Fcomments&post=285"}],"version-history":[{"count":27,"href":"https:\/\/asnyk.edu.pl\/index.php?rest_route=\/wp\/v2\/pages\/285\/revisions"}],"predecessor-version":[{"id":10684,"href":"https:\/\/asnyk.edu.pl\/index.php?rest_route=\/wp\/v2\/pages\/285\/revisions\/10684"}],"wp:attachment":[{"href":"https:\/\/asnyk.edu.pl\/index.php?rest_route=%2Fwp%2Fv2%2Fmedia&parent=285"}],"curies":[{"name":"wp","href":"https:\/\/api.w.org\/{rel}","templated":true}]}}