{"id":2344,"date":"2020-04-03T14:32:17","date_gmt":"2020-04-03T14:32:17","guid":{"rendered":"http:\/\/asnyk.edu.pl\/?page_id=2344"},"modified":"2021-09-13T11:20:38","modified_gmt":"2021-09-13T11:20:38","slug":"pso-i-wso-w-procesie-zdalnego-nauczania","status":"publish","type":"page","link":"https:\/\/asnyk.edu.pl\/?page_id=2344","title":{"rendered":"PSO i WSO w procesie zdalnego nauczania"},"content":{"rendered":"\n<p><\/p>\n\n\n<p>\u00a0<\/p>\n<table style=\"height: 560px;\">\n<tbody>\n<tr style=\"height: 32px;\">\n<td style=\"width: 199px; height: 32px;\">PRZEDMIOT<\/td>\n<td style=\"width: 361px; height: 32px;\">PSO<\/td>\n<\/tr>\n<tr style=\"height: 36px;\">\n<td style=\"width: 199px; height: 36px;\">anatomia<\/td>\n<td style=\"width: 361px; height: 36px;\"><a href=\"http:\/\/asnyk.edu.pl\/wp-content\/uploads\/2020\/04\/PSO-ANATOMIA.doc\"><img loading=\"lazy\" decoding=\"async\" class=\"alignnone wp-image-286\" src=\"http:\/\/asnyk.edu.pl\/wp-content\/uploads\/2018\/06\/pdf-e1530366083761.jpg\" alt=\"\" width=\"24\" height=\"24\" \/><\/a><\/td>\n<\/tr>\n<tr style=\"height: 36px;\">\n<td style=\"width: 199px; height: 36px;\">biologia<\/td>\n<td style=\"width: 361px; height: 36px;\"><a href=\"http:\/\/asnyk.edu.pl\/wp-content\/uploads\/2020\/04\/PSO-biologia.doc\"><img loading=\"lazy\" decoding=\"async\" class=\"alignnone wp-image-286\" src=\"http:\/\/asnyk.edu.pl\/wp-content\/uploads\/2018\/06\/pdf-e1530366083761.jpg\" alt=\"\" width=\"24\" height=\"24\" \/><\/a><\/td>\n<\/tr>\n<tr style=\"height: 36px;\">\n<td style=\"width: 199px; height: 36px;\">turystyka<\/td>\n<td style=\"width: 361px; height: 36px;\"><a href=\"http:\/\/asnyk.edu.pl\/wp-content\/uploads\/2020\/04\/PSO-turystyka-nauczanie-zdalne-1.pdf\"><img loading=\"lazy\" decoding=\"async\" class=\"alignnone wp-image-286\" src=\"http:\/\/asnyk.edu.pl\/wp-content\/uploads\/2018\/06\/pdf-e1530366083761.jpg\" alt=\"\" width=\"24\" height=\"24\" \/><\/a><\/td>\n<\/tr>\n<tr style=\"height: 36px;\">\n<td style=\"width: 199px; height: 36px;\">informatyka<\/td>\n<td style=\"width: 361px; height: 36px;\"><a href=\"http:\/\/asnyk.edu.pl\/wp-content\/uploads\/2020\/04\/PSOinformatyka.docx.doc\"><img loading=\"lazy\" decoding=\"async\" class=\"alignnone wp-image-286\" src=\"http:\/\/asnyk.edu.pl\/wp-content\/uploads\/2018\/06\/pdf-e1530366083761.jpg\" alt=\"\" width=\"24\" height=\"24\" \/><\/a><\/td>\n<\/tr>\n<tr style=\"height: 36px;\">\n<td style=\"width: 199px; height: 36px;\">wychowanie fizyczne<\/td>\n<td style=\"width: 361px; height: 36px;\"><a href=\"http:\/\/asnyk.edu.pl\/wp-content\/uploads\/2020\/04\/PSO-WF.doc\"><img loading=\"lazy\" decoding=\"async\" class=\"alignnone wp-image-286\" src=\"http:\/\/asnyk.edu.pl\/wp-content\/uploads\/2018\/06\/pdf-e1530366083761.jpg\" alt=\"\" width=\"24\" height=\"24\" \/><\/a><\/td>\n<\/tr>\n<tr style=\"height: 36px;\">\n<td style=\"width: 199px; height: 36px;\">fizyka<\/td>\n<td style=\"width: 361px; height: 36px;\"><a href=\"http:\/\/asnyk.edu.pl\/wp-content\/uploads\/2020\/04\/PSO-FIZYKA.pdf\"><img loading=\"lazy\" decoding=\"async\" class=\"alignnone wp-image-286\" src=\"http:\/\/asnyk.edu.pl\/wp-content\/uploads\/2018\/06\/pdf-e1530366083761.jpg\" alt=\"\" width=\"24\" height=\"24\" \/><\/a><\/td>\n<\/tr>\n<tr style=\"height: 60px;\">\n<td style=\"width: 199px; height: 60px;\">Podstawy przedsi\u0119biorczo\u015bci<\/td>\n<td style=\"width: 361px; height: 60px;\"><a href=\"http:\/\/asnyk.edu.pl\/wp-content\/uploads\/2020\/04\/PSO-Podstawy-Przedsi\u0119biorczosci.pdf\"><img loading=\"lazy\" decoding=\"async\" class=\"alignnone wp-image-286\" src=\"http:\/\/asnyk.edu.pl\/wp-content\/uploads\/2018\/06\/pdf-e1530366083761.jpg\" alt=\"\" width=\"24\" height=\"24\" \/><\/a><\/td>\n<\/tr>\n<tr style=\"height: 36px;\">\n<td style=\"width: 199px; height: 36px;\">EDB<\/td>\n<td style=\"width: 361px; height: 36px;\"><a href=\"http:\/\/asnyk.edu.pl\/wp-content\/uploads\/2020\/04\/PSO-EDB.doc\"><img loading=\"lazy\" decoding=\"async\" class=\"alignnone wp-image-286\" src=\"http:\/\/asnyk.edu.pl\/wp-content\/uploads\/2018\/06\/pdf-e1530366083761.jpg\" alt=\"\" width=\"24\" height=\"24\" \/><\/a><\/td>\n<\/tr>\n<tr style=\"height: 36px;\">\n<td style=\"width: 199px; height: 36px;\">Ratownictwo medyczne<\/td>\n<td style=\"width: 361px; height: 36px;\"><a href=\"http:\/\/asnyk.edu.pl\/wp-content\/uploads\/2020\/04\/PSO-Ratownictwo-medyczne.pdf\"><img loading=\"lazy\" decoding=\"async\" class=\"alignnone wp-image-286\" src=\"http:\/\/asnyk.edu.pl\/wp-content\/uploads\/2018\/06\/pdf-e1530366083761.jpg\" alt=\"\" width=\"24\" height=\"24\" \/><\/a><\/td>\n<\/tr>\n<tr style=\"height: 36px;\">\n<td style=\"width: 199px; height: 36px;\">Bezpiecze\u0144stwo<\/td>\n<td style=\"width: 361px; height: 36px;\"><a href=\"http:\/\/asnyk.edu.pl\/wp-content\/uploads\/2020\/04\/Wymagania-edukacyjne-zdalne-na-odleg\u0142os\u0301c-z-Bezpieczen\u0301stwa-1cp-2e3e.pdf\"><img loading=\"lazy\" decoding=\"async\" class=\"alignnone wp-image-286\" src=\"http:\/\/asnyk.edu.pl\/wp-content\/uploads\/2018\/06\/pdf-e1530366083761.jpg\" alt=\"\" width=\"24\" height=\"24\" \/><\/a><\/td>\n<\/tr>\n<tr style=\"height: 36px;\">\n<td style=\"width: 199px; height: 36px;\">Edukacja \u0142aci\u0144ska<\/td>\n<td style=\"width: 361px; height: 36px;\"><a href=\"http:\/\/asnyk.edu.pl\/wp-content\/uploads\/2020\/04\/edukacja-\u0142aci\u0144ska-kl-3-PSO-zdalna.pdf\"><img loading=\"lazy\" decoding=\"async\" class=\"alignnone wp-image-286\" src=\"http:\/\/asnyk.edu.pl\/wp-content\/uploads\/2018\/06\/pdf-e1530366083761.jpg\" alt=\"\" width=\"24\" height=\"24\" \/><\/a><a href=\"http:\/\/asnyk.edu.pl\/wp-content\/uploads\/2020\/04\/edukacja-\u0142aci\u0144ska-kl-2-PSO-zdalna.pdf\"><img loading=\"lazy\" decoding=\"async\" class=\"alignnone wp-image-286\" src=\"http:\/\/asnyk.edu.pl\/wp-content\/uploads\/2018\/06\/pdf-e1530366083761.jpg\" alt=\"\" width=\"24\" height=\"24\" \/><\/a><\/td>\n<\/tr>\n<tr style=\"height: 36px;\">\n<td style=\"width: 199px; height: 36px;\">j\u0119zyki obce<\/td>\n<td style=\"width: 361px; height: 36px;\"><a href=\"http:\/\/asnyk.edu.pl\/wp-content\/uploads\/2021\/09\/Nauczanie-zdalne-aneks-aktual.-ang.pdf\"><img loading=\"lazy\" decoding=\"async\" class=\"alignnone wp-image-286\" src=\"http:\/\/asnyk.edu.pl\/wp-content\/uploads\/2018\/06\/pdf-e1530366083761.jpg\" alt=\"\" width=\"24\" height=\"24\" \/><\/a><\/td>\n<\/tr>\n<tr style=\"height: 36px;\">\n<td style=\"width: 199px; height: 36px;\">\u0142acina medyczna<\/td>\n<td style=\"width: 361px; height: 36px;\"><a href=\"http:\/\/asnyk.edu.pl\/wp-content\/uploads\/202http:\/\/asnyk.edu.pl\/wp-content\/uploads\/2020\/04\/\u0142acina-medyczna-kl-2-PSO-zdalna.pdf0\/04\/Aneks-do-PSO-j\u0119zyki-obce-nauczanie-zdalne.doc\"><img loading=\"lazy\" decoding=\"async\" class=\"alignnone wp-image-286\" src=\"http:\/\/asnyk.edu.pl\/wp-content\/uploads\/2018\/06\/pdf-e1530366083761.jpg\" alt=\"\" width=\"24\" height=\"24\" \/><\/a><\/td>\n<\/tr>\n<tr style=\"height: 36px;\">\n<td style=\"width: 199px; height: 36px;\">j\u0119zyk polski<\/td>\n<td style=\"width: 361px; height: 36px;\"><a href=\"http:\/\/asnyk.edu.pl\/wp-content\/uploads\/2020\/04\/Jez.-polski-PSO.doc\"><img loading=\"lazy\" decoding=\"async\" class=\"alignnone wp-image-286\" src=\"http:\/\/asnyk.edu.pl\/wp-content\/uploads\/2018\/06\/pdf-e1530366083761.jpg\" alt=\"\" width=\"24\" height=\"24\" \/><\/a><\/td>\n<\/tr>\n<tr>\n<td style=\"width: 199px;\">filozofia<\/td>\n<td style=\"width: 361px;\"><a href=\"http:\/\/asnyk.edu.pl\/wp-content\/uploads\/2020\/04\/PSO-filozofia.doc\"><img loading=\"lazy\" decoding=\"async\" class=\"alignnone wp-image-286\" src=\"http:\/\/asnyk.edu.pl\/wp-content\/uploads\/2018\/06\/pdf-e1530366083761.jpg\" alt=\"\" width=\"24\" height=\"24\" \/><\/a><\/td>\n<\/tr>\n<tr>\n<td style=\"width: 199px;\">geografia<\/td>\n<td style=\"width: 361px;\"><a href=\"http:\/\/asnyk.edu.pl\/wp-content\/uploads\/2020\/04\/pso-geografia.pdf\"><img loading=\"lazy\" decoding=\"async\" class=\"alignnone wp-image-286\" src=\"http:\/\/asnyk.edu.pl\/wp-content\/uploads\/2018\/06\/pdf-e1530366083761.jpg\" alt=\"\" width=\"24\" height=\"24\" \/><\/a><\/td>\n<\/tr>\n<tr>\n<td style=\"width: 199px;\">historia i wos<\/td>\n<td style=\"width: 361px;\"><a href=\"http:\/\/asnyk.edu.pl\/wp-content\/uploads\/2020\/04\/PSO-historia-i-wos.docx.doc\"><img loading=\"lazy\" decoding=\"async\" class=\"alignnone wp-image-286\" src=\"http:\/\/asnyk.edu.pl\/wp-content\/uploads\/2018\/06\/pdf-e1530366083761.jpg\" alt=\"\" width=\"24\" height=\"24\" \/><\/a><\/td>\n<\/tr>\n<tr>\n<td style=\"width: 199px;\">muzyka<\/td>\n<td style=\"width: 361px;\"><a href=\"http:\/\/asnyk.edu.pl\/wp-content\/uploads\/2020\/04\/PSO-muzyka.doc\"><img loading=\"lazy\" decoding=\"async\" class=\"alignnone wp-image-286\" src=\"http:\/\/asnyk.edu.pl\/wp-content\/uploads\/2018\/06\/pdf-e1530366083761.jpg\" alt=\"\" width=\"24\" height=\"24\" \/><\/a><a href=\"http:\/\/asnyk.edu.pl\/wp-content\/uploads\/2020\/04\/WOK-i-MUZYKA.doc\"><img loading=\"lazy\" decoding=\"async\" class=\"alignnone wp-image-286\" src=\"http:\/\/asnyk.edu.pl\/wp-content\/uploads\/2018\/06\/pdf-e1530366083761.jpg\" alt=\"\" width=\"24\" height=\"24\" \/><\/a><\/td>\n<\/tr>\n<tr>\n<td style=\"width: 199px;\">przyroda<\/td>\n<td style=\"width: 361px;\"><a href=\"http:\/\/asnyk.edu.pl\/wp-content\/uploads\/2020\/04\/PSO-PRZYRODA.doc\"><img loading=\"lazy\" decoding=\"async\" class=\"alignnone wp-image-286\" src=\"http:\/\/asnyk.edu.pl\/wp-content\/uploads\/2018\/06\/pdf-e1530366083761.jpg\" alt=\"\" width=\"24\" height=\"24\" \/><\/a><\/td>\n<\/tr>\n<tr>\n<td style=\"width: 199px;\">zaj\u0119cia artystyczne<\/td>\n<td style=\"width: 361px;\"><a href=\"http:\/\/asnyk.edu.pl\/wp-content\/uploads\/2020\/04\/PSO-zajecia-artstyczne.doc\"><img loading=\"lazy\" decoding=\"async\" class=\"alignnone wp-image-286\" src=\"http:\/\/asnyk.edu.pl\/wp-content\/uploads\/2018\/06\/pdf-e1530366083761.jpg\" alt=\"\" width=\"24\" height=\"24\" \/><\/a><\/td>\n<\/tr>\n<tr>\n<td style=\"width: 199px;\">chemia<\/td>\n<td style=\"width: 361px;\"><a href=\"http:\/\/asnyk.edu.pl\/wp-content\/uploads\/2020\/04\/PSO-zdalna-nauka-chemia.doc\"><img loading=\"lazy\" decoding=\"async\" class=\"alignnone wp-image-286\" src=\"http:\/\/asnyk.edu.pl\/wp-content\/uploads\/2018\/06\/pdf-e1530366083761.jpg\" alt=\"\" width=\"24\" height=\"24\" \/><\/a><\/td>\n<\/tr>\n<tr>\n<td style=\"width: 199px;\">matematyka<\/td>\n<td style=\"width: 361px;\"><a href=\"http:\/\/asnyk.edu.pl\/wp-content\/uploads\/2020\/04\/PSO-z-matematyki-na-czas-pracy-zdalnej.pdf\"><img loading=\"lazy\" decoding=\"async\" class=\"alignnone wp-image-286\" src=\"http:\/\/asnyk.edu.pl\/wp-content\/uploads\/2018\/06\/pdf-e1530366083761.jpg\" alt=\"\" width=\"24\" height=\"24\" \/><\/a><\/td>\n<\/tr>\n<tr>\n<td style=\"width: 199px;\">wok<\/td>\n<td style=\"width: 361px;\"><a href=\"http:\/\/asnyk.edu.pl\/wp-content\/uploads\/2020\/04\/WOK-PSO.doc\"><img loading=\"lazy\" decoding=\"async\" class=\"alignnone wp-image-286\" src=\"http:\/\/asnyk.edu.pl\/wp-content\/uploads\/2018\/06\/pdf-e1530366083761.jpg\" alt=\"\" width=\"24\" height=\"24\" \/><\/a><a href=\"http:\/\/asnyk.edu.pl\/wp-content\/uploads\/2020\/04\/WOK-i-MUZYKA.doc\"><img loading=\"lazy\" decoding=\"async\" class=\"alignnone wp-image-286\" src=\"http:\/\/asnyk.edu.pl\/wp-content\/uploads\/2018\/06\/pdf-e1530366083761.jpg\" alt=\"\" width=\"24\" height=\"24\" \/><\/a><\/td>\n<\/tr>\n<tr>\n<td style=\"width: 199px;\">religia<\/td>\n<td style=\"width: 361px;\"><a href=\"http:\/\/asnyk.edu.pl\/wp-content\/uploads\/2020\/04\/PSO-Z-RELIGII.doc\"><img loading=\"lazy\" decoding=\"async\" class=\"alignnone wp-image-286\" src=\"http:\/\/asnyk.edu.pl\/wp-content\/uploads\/2018\/06\/pdf-e1530366083761.jpg\" alt=\"\" width=\"24\" height=\"24\" \/><\/a><\/td>\n<\/tr>\n<\/tbody>\n<\/table>\n<p>\u00a0<\/p>\n\n\n<p><\/p>\n\n\n<p><!--EndFragment--><\/p>\n<p>\u00a0<\/p>","protected":false},"excerpt":{"rendered":"<p>\u00a0 PRZEDMIOT PSO anatomia biologia turystyka informatyka wychowanie fizyczne fizyka Podstawy przedsi\u0119biorczo\u015bci EDB Ratownictwo medyczne Bezpiecze\u0144stwo Edukacja \u0142aci\u0144ska j\u0119zyki obce \u0142acina medyczna j\u0119zyk polski filozofia geografia historia i wos muzyka przyroda zaj\u0119cia artystyczne chemia matematyka wok religia \u00a0 \u00a0<\/p>\n","protected":false},"author":5,"featured_media":0,"parent":0,"menu_order":0,"comment_status":"closed","ping_status":"closed","template":"","meta":{"footnotes":"","_links_to":"","_links_to_target":""},"class_list":["post-2344","page","type-page","status-publish","hentry"],"_links":{"self":[{"href":"https:\/\/asnyk.edu.pl\/index.php?rest_route=\/wp\/v2\/pages\/2344","targetHints":{"allow":["GET"]}}],"collection":[{"href":"https:\/\/asnyk.edu.pl\/index.php?rest_route=\/wp\/v2\/pages"}],"about":[{"href":"https:\/\/asnyk.edu.pl\/index.php?rest_route=\/wp\/v2\/types\/page"}],"author":[{"embeddable":true,"href":"https:\/\/asnyk.edu.pl\/index.php?rest_route=\/wp\/v2\/users\/5"}],"replies":[{"embeddable":true,"href":"https:\/\/asnyk.edu.pl\/index.php?rest_route=%2Fwp%2Fv2%2Fcomments&post=2344"}],"version-history":[{"count":9,"href":"https:\/\/asnyk.edu.pl\/index.php?rest_route=\/wp\/v2\/pages\/2344\/revisions"}],"predecessor-version":[{"id":3175,"href":"https:\/\/asnyk.edu.pl\/index.php?rest_route=\/wp\/v2\/pages\/2344\/revisions\/3175"}],"wp:attachment":[{"href":"https:\/\/asnyk.edu.pl\/index.php?rest_route=%2Fwp%2Fv2%2Fmedia&parent=2344"}],"curies":[{"name":"wp","href":"https:\/\/api.w.org\/{rel}","templated":true}]}}