{"id":210,"date":"2018-06-30T12:00:32","date_gmt":"2018-06-30T12:00:32","guid":{"rendered":"https:\/\/asnyk.edu.pl\/?page_id=210"},"modified":"2018-06-30T12:00:32","modified_gmt":"2018-06-30T12:00:32","slug":"rada-rodzicow","status":"publish","type":"page","link":"https:\/\/asnyk.edu.pl\/?page_id=210","title":{"rendered":"Rada Rodzic\u00f3w"},"content":{"rendered":"<p class=\"font_8\"><span class=\"color_11\">Regulamin Rady Rodzic\u00f3w &gt;&gt;pobierz&gt;&gt;\u00a0<\/span><\/p>\n<p class=\"font_8\"><span class=\"color_11\">Numer konta Rady Rodzic\u00f3w:\u00a0<\/span><\/p>\n<h1 class=\"font_0\"><span class=\"color_11\">65 2030 0045 1110 0000 0410 2520<\/span><\/h1>\n<h1 class=\"font_0\"><span class=\"color_11\"><span class=\"wixGuard\">\u200b<\/span><\/span><span class=\"color_11\">\u00a0(na przekazie prosz\u0119 wymieni\u0107 czego dotyczy wp\u0142ata)<\/span><\/h1>\n","protected":false},"excerpt":{"rendered":"<p>Regulamin Rady Rodzic\u00f3w &gt;&gt;pobierz&gt;&gt;\u00a0 Numer konta Rady Rodzic\u00f3w:\u00a0 65 2030 0045 1110 0000 0410 2520 \u200b\u00a0(na przekazie prosz\u0119 wymieni\u0107 czego dotyczy wp\u0142ata)<\/p>\n","protected":false},"author":1,"featured_media":0,"parent":0,"menu_order":0,"comment_status":"closed","ping_status":"closed","template":"","meta":{"footnotes":"","_links_to":"","_links_to_target":""},"class_list":["post-210","page","type-page","status-publish","hentry"],"_links":{"self":[{"href":"https:\/\/asnyk.edu.pl\/index.php?rest_route=\/wp\/v2\/pages\/210","targetHints":{"allow":["GET"]}}],"collection":[{"href":"https:\/\/asnyk.edu.pl\/index.php?rest_route=\/wp\/v2\/pages"}],"about":[{"href":"https:\/\/asnyk.edu.pl\/index.php?rest_route=\/wp\/v2\/types\/page"}],"author":[{"embeddable":true,"href":"https:\/\/asnyk.edu.pl\/index.php?rest_route=\/wp\/v2\/users\/1"}],"replies":[{"embeddable":true,"href":"https:\/\/asnyk.edu.pl\/index.php?rest_route=%2Fwp%2Fv2%2Fcomments&post=210"}],"version-history":[{"count":1,"href":"https:\/\/asnyk.edu.pl\/index.php?rest_route=\/wp\/v2\/pages\/210\/revisions"}],"predecessor-version":[{"id":211,"href":"https:\/\/asnyk.edu.pl\/index.php?rest_route=\/wp\/v2\/pages\/210\/revisions\/211"}],"wp:attachment":[{"href":"https:\/\/asnyk.edu.pl\/index.php?rest_route=%2Fwp%2Fv2%2Fmedia&parent=210"}],"curies":[{"name":"wp","href":"https:\/\/api.w.org\/{rel}","templated":true}]}}