{"id":17686,"date":"2026-03-10T11:43:26","date_gmt":"2026-03-10T11:43:26","guid":{"rendered":"https:\/\/asnyk.edu.pl\/?page_id=17686"},"modified":"2026-03-10T11:43:27","modified_gmt":"2026-03-10T11:43:27","slug":"care-2025-2026","status":"publish","type":"page","link":"https:\/\/asnyk.edu.pl\/?page_id=17686","title":{"rendered":"CARE 2025\/2026\u00a0"},"content":{"rendered":"\n<p>W ramach mi\u0119dzynarodowego projektu\u00a0<strong>CARE<\/strong>\u00a0uczniowie naszej szko\u0142y przygotowali zestaw\u00a0<strong>11 pyta\u0144 dotycz\u0105cych przemocy r\u00f3wie\u015bniczej<\/strong>, kt\u00f3re nast\u0119pnie zosta\u0142y skierowane do psychologa szkolnego, p. Moniki Pietrasz- D\u0119dys.<\/p>\n<p>To dzia\u0142anie ma szczeg\u00f3ln\u0105 warto\u015b\u0107, poniewa\u017c\u00a0<strong>dok\u0142adnie ten sam zestaw pyta\u0144 zosta\u0142 zadany psychologom we wszystkich szko\u0142ach partnerskich<\/strong>\u00a0bior\u0105cych udzia\u0142 w projekcie:\u00a0<strong>w Turcji, S\u0142owacji, Polsce, Rumunii oraz we W\u0142oszech<\/strong>.<\/p>\n<p>Dzi\u0119ki temu mo\u017cliwe b\u0119dzie por\u00f3wnanie odpowiedzi specjalist\u00f3w z r\u00f3\u017cnych kraj\u00f3w i zrozumienie, jak temat przemocy r\u00f3wie\u015bniczej postrzegany jest w odmiennych \u015brodowiskach kulturowych. Uczniowie zyskaj\u0105 szersz\u0105 perspektyw\u0119, a szko\u0142y \u2013 cenne wskaz\u00f3wki dotycz\u0105ce profilaktyki i wsparcia m\u0142odzie\u017cy.<\/p>\n<p>Projekt CARE po raz kolejny pokazuje, jak wa\u017cna jest wsp\u00f3\u0142praca mi\u0119dzynarodowa i wsp\u00f3lne dzia\u0142ania na rzecz bezpiecze\u0144stwa oraz dobrostanu uczni\u00f3w.<\/p>\n\n\n<div class=\"wp-block-image\">\n<figure class=\"aligncenter size-medium\"><img loading=\"lazy\" decoding=\"async\" width=\"505\" height=\"379\" src=\"https:\/\/asnyk.edu.pl\/wp-content\/uploads\/2026\/03\/PXL_20260306_120049768-505x379.jpg\" alt=\"\" class=\"wp-image-17687\" srcset=\"https:\/\/asnyk.edu.pl\/wp-content\/uploads\/2026\/03\/PXL_20260306_120049768-505x379.jpg 505w, https:\/\/asnyk.edu.pl\/wp-content\/uploads\/2026\/03\/PXL_20260306_120049768-1500x1125.jpg 1500w, https:\/\/asnyk.edu.pl\/wp-content\/uploads\/2026\/03\/PXL_20260306_120049768-205x154.jpg 205w, https:\/\/asnyk.edu.pl\/wp-content\/uploads\/2026\/03\/PXL_20260306_120049768-768x576.jpg 768w, https:\/\/asnyk.edu.pl\/wp-content\/uploads\/2026\/03\/PXL_20260306_120049768-1536x1152.jpg 1536w, https:\/\/asnyk.edu.pl\/wp-content\/uploads\/2026\/03\/PXL_20260306_120049768-400x300.jpg 400w, https:\/\/asnyk.edu.pl\/wp-content\/uploads\/2026\/03\/PXL_20260306_120049768.jpg 2000w\" sizes=\"auto, (max-width: 505px) 100vw, 505px\" \/><\/figure>\n<\/div>\n\n","protected":false},"excerpt":{"rendered":"<p>W ramach mi\u0119dzynarodowego projektu\u00a0CARE\u00a0uczniowie naszej szko\u0142y przygotowali zestaw\u00a011 pyta\u0144 dotycz\u0105cych przemocy r\u00f3wie\u015bniczej, kt\u00f3re nast\u0119pnie zosta\u0142y skierowane do psychologa szkolnego, p. Moniki Pietrasz- D\u0119dys. To dzia\u0142anie ma szczeg\u00f3ln\u0105 warto\u015b\u0107, poniewa\u017c\u00a0dok\u0142adnie ten sam zestaw pyta\u0144 zosta\u0142 zadany psychologom we wszystkich szko\u0142ach partnerskich\u00a0bior\u0105cych &hellip; <a href=\"https:\/\/asnyk.edu.pl\/?page_id=17686\">Czytaj dalej <span class=\"meta-nav\">&rarr;<\/span><\/a><\/p>\n","protected":false},"author":5,"featured_media":0,"parent":0,"menu_order":0,"comment_status":"closed","ping_status":"closed","template":"","meta":{"footnotes":"","_links_to":"","_links_to_target":""},"class_list":["post-17686","page","type-page","status-publish","hentry"],"_links":{"self":[{"href":"https:\/\/asnyk.edu.pl\/index.php?rest_route=\/wp\/v2\/pages\/17686","targetHints":{"allow":["GET"]}}],"collection":[{"href":"https:\/\/asnyk.edu.pl\/index.php?rest_route=\/wp\/v2\/pages"}],"about":[{"href":"https:\/\/asnyk.edu.pl\/index.php?rest_route=\/wp\/v2\/types\/page"}],"author":[{"embeddable":true,"href":"https:\/\/asnyk.edu.pl\/index.php?rest_route=\/wp\/v2\/users\/5"}],"replies":[{"embeddable":true,"href":"https:\/\/asnyk.edu.pl\/index.php?rest_route=%2Fwp%2Fv2%2Fcomments&post=17686"}],"version-history":[{"count":1,"href":"https:\/\/asnyk.edu.pl\/index.php?rest_route=\/wp\/v2\/pages\/17686\/revisions"}],"predecessor-version":[{"id":17689,"href":"https:\/\/asnyk.edu.pl\/index.php?rest_route=\/wp\/v2\/pages\/17686\/revisions\/17689"}],"wp:attachment":[{"href":"https:\/\/asnyk.edu.pl\/index.php?rest_route=%2Fwp%2Fv2%2Fmedia&parent=17686"}],"curies":[{"name":"wp","href":"https:\/\/api.w.org\/{rel}","templated":true}]}}