{"id":17640,"date":"2026-03-06T12:04:25","date_gmt":"2026-03-06T12:04:25","guid":{"rendered":"https:\/\/asnyk.edu.pl\/?page_id=17640"},"modified":"2026-03-06T12:04:25","modified_gmt":"2026-03-06T12:04:25","slug":"klasa-1c","status":"publish","type":"page","link":"https:\/\/asnyk.edu.pl\/?page_id=17640","title":{"rendered":"Klasa 1C"},"content":{"rendered":"\n<figure class=\"wp-block-image size-full\"><img loading=\"lazy\" decoding=\"async\" width=\"1392\" height=\"141\" src=\"https:\/\/asnyk.edu.pl\/wp-content\/uploads\/2026\/03\/1-2.png\" alt=\"\" class=\"wp-image-17641\" srcset=\"https:\/\/asnyk.edu.pl\/wp-content\/uploads\/2026\/03\/1-2.png 1392w, https:\/\/asnyk.edu.pl\/wp-content\/uploads\/2026\/03\/1-2-505x51.png 505w, https:\/\/asnyk.edu.pl\/wp-content\/uploads\/2026\/03\/1-2-205x21.png 205w, https:\/\/asnyk.edu.pl\/wp-content\/uploads\/2026\/03\/1-2-768x78.png 768w, https:\/\/asnyk.edu.pl\/wp-content\/uploads\/2026\/03\/1-2-500x51.png 500w\" sizes=\"auto, (max-width: 1392px) 100vw, 1392px\" \/><\/figure>\n\n\n\n<p class=\"cvGsUA direction-ltr align-justify para-style-body\"><span class=\"a_GcMg font-feature-liga-off font-feature-clig-off font-feature-calt-off text-decoration-none text-strikethrough-none\">W tej klasie przygotowujemy do zawod\u00f3w zwi\u0105zanych ze s\u0142u\u017cb\u0105 spo\u0142eczn\u0105, kt\u00f3ra jest wpisana w tradycj\u0119 naszej Szko\u0142y. Promujemy przedmioty takie jak bezpiecze\u0144stwo, ratownictwo, kt\u00f3re b\u0119d\u0105 realizowane pod patronatem Wydzia\u0142u Zdrowia Uniwersytetu Bielsko-Bialskiego (pierwsza pomoc Certyfikat Unii Europejskiej), medycyna ratunkowa we wsp\u00f3\u0142pracy z Wydzia\u0142em Zarz\u0105dzania Kryzysowego UM, Komend\u0105 Miejsk\u0105 Pa\u0144stwowej Stra\u017cy Po\u017carnej i Policji (teoria i praktyka w terenie, pokazy i \u0107wiczenia stra\u017cackie i ratownicze, certyfikaty M\u0142odzie\u017cowej Dru\u017cyny Po\u017carniczej).<\/span><\/p>\n<p class=\"cvGsUA direction-ltr align-justify para-style-body\"><span class=\"a_GcMg font-feature-liga-off font-feature-clig-off font-feature-calt-off text-decoration-none text-strikethrough-none\" style=\"color: #ff00ff;\">Rozszerzone przedmioty:<\/span><span class=\"a_GcMg font-feature-liga-off font-feature-clig-off font-feature-calt-off text-decoration-none text-strikethrough-none\"> biologia i j\u0119zyk angielski lub chemia (do wyboru)<\/span><\/p>\n<p class=\"cvGsUA direction-ltr align-justify para-style-body\"><span class=\"a_GcMg font-feature-liga-off font-feature-clig-off font-feature-calt-off text-decoration-none text-strikethrough-none\">j\u0119zyki :<\/span> <span class=\"a_GcMg font-feature-liga-off font-feature-clig-off font-feature-calt-off text-decoration-none text-strikethrough-none\">i j\u0119zyk angielski, II j\u0119zyk (do wyboru) : j\u0119zyk niemiecki lub w\u0142oski<\/span><\/p>\n<p class=\"cvGsUA direction-ltr align-justify para-style-body\"><span style=\"color: #ff00ff;\"><span class=\"a_GcMg font-feature-liga-off font-feature-clig-off font-feature-calt-off text-decoration-none text-strikethrough-none\">\u200b<\/span><span class=\"a_GcMg font-feature-liga-off font-feature-clig-off font-feature-calt-off text-decoration-none text-strikethrough-none\">Przedmioty dodatkowe:<\/span><\/span> <span class=\"a_GcMg font-feature-liga-off font-feature-clig-off font-feature-calt-off text-decoration-none text-strikethrough-none\">bezpiecze\u0144stwo i zarz\u0105dzanie kryzysowe, ratownictwo uczni\u00f3w<\/span><\/p>\n\n\n\n\n","protected":false},"excerpt":{"rendered":"<p>W tej klasie przygotowujemy do zawod\u00f3w zwi\u0105zanych ze s\u0142u\u017cb\u0105 spo\u0142eczn\u0105, kt\u00f3ra jest wpisana w tradycj\u0119 naszej Szko\u0142y. Promujemy przedmioty takie jak bezpiecze\u0144stwo, ratownictwo, kt\u00f3re b\u0119d\u0105 realizowane pod patronatem Wydzia\u0142u Zdrowia Uniwersytetu Bielsko-Bialskiego (pierwsza pomoc Certyfikat Unii Europejskiej), medycyna ratunkowa we &hellip; <a href=\"https:\/\/asnyk.edu.pl\/?page_id=17640\">Czytaj dalej <span class=\"meta-nav\">&rarr;<\/span><\/a><\/p>\n","protected":false},"author":5,"featured_media":0,"parent":0,"menu_order":0,"comment_status":"closed","ping_status":"closed","template":"","meta":{"footnotes":"","_links_to":"","_links_to_target":""},"class_list":["post-17640","page","type-page","status-publish","hentry"],"_links":{"self":[{"href":"https:\/\/asnyk.edu.pl\/index.php?rest_route=\/wp\/v2\/pages\/17640","targetHints":{"allow":["GET"]}}],"collection":[{"href":"https:\/\/asnyk.edu.pl\/index.php?rest_route=\/wp\/v2\/pages"}],"about":[{"href":"https:\/\/asnyk.edu.pl\/index.php?rest_route=\/wp\/v2\/types\/page"}],"author":[{"embeddable":true,"href":"https:\/\/asnyk.edu.pl\/index.php?rest_route=\/wp\/v2\/users\/5"}],"replies":[{"embeddable":true,"href":"https:\/\/asnyk.edu.pl\/index.php?rest_route=%2Fwp%2Fv2%2Fcomments&post=17640"}],"version-history":[{"count":1,"href":"https:\/\/asnyk.edu.pl\/index.php?rest_route=\/wp\/v2\/pages\/17640\/revisions"}],"predecessor-version":[{"id":17642,"href":"https:\/\/asnyk.edu.pl\/index.php?rest_route=\/wp\/v2\/pages\/17640\/revisions\/17642"}],"wp:attachment":[{"href":"https:\/\/asnyk.edu.pl\/index.php?rest_route=%2Fwp%2Fv2%2Fmedia&parent=17640"}],"curies":[{"name":"wp","href":"https:\/\/api.w.org\/{rel}","templated":true}]}}