{"id":17637,"date":"2026-03-06T11:57:52","date_gmt":"2026-03-06T11:57:52","guid":{"rendered":"https:\/\/asnyk.edu.pl\/?page_id=17637"},"modified":"2026-03-06T11:57:52","modified_gmt":"2026-03-06T11:57:52","slug":"klasa-1b","status":"publish","type":"page","link":"https:\/\/asnyk.edu.pl\/?page_id=17637","title":{"rendered":"Klasa 1B"},"content":{"rendered":"\n<figure class=\"wp-block-image size-full\"><img loading=\"lazy\" decoding=\"async\" width=\"1392\" height=\"141\" src=\"https:\/\/asnyk.edu.pl\/wp-content\/uploads\/2026\/03\/1-1.png\" alt=\"\" class=\"wp-image-17638\" srcset=\"https:\/\/asnyk.edu.pl\/wp-content\/uploads\/2026\/03\/1-1.png 1392w, https:\/\/asnyk.edu.pl\/wp-content\/uploads\/2026\/03\/1-1-505x51.png 505w, https:\/\/asnyk.edu.pl\/wp-content\/uploads\/2026\/03\/1-1-205x21.png 205w, https:\/\/asnyk.edu.pl\/wp-content\/uploads\/2026\/03\/1-1-768x78.png 768w, https:\/\/asnyk.edu.pl\/wp-content\/uploads\/2026\/03\/1-1-500x51.png 500w\" sizes=\"auto, (max-width: 1392px) 100vw, 1392px\" \/><\/figure>\n\n\n\n<p class=\"cvGsUA direction-ltr align-justify para-style-body\"><span class=\"a_GcMg font-feature-liga-off font-feature-clig-off font-feature-calt-off text-decoration-none text-strikethrough-none\">Je\u015bli interesujesz si\u0119 sportem, aktywno\u015bci\u0105 fizyczn\u0105, zdrowym stylem \u017cycia i chcesz rozwija\u0107 swoje sportowe pasje wybierz t\u0119 klas\u0119! (W tej klasie jest zwi\u0119kszona ilo\u015b\u0107 godzin wychowania fizycznego). Stawiamy w niej<\/span> <span class=\"a_GcMg font-feature-liga-off font-feature-clig-off font-feature-calt-off text-decoration-none text-strikethrough-none\">na wszechstronny rozw\u00f3j, zdrowy styl \u017cycia, wyje\u017cd\u017camy na obozy sportowe, osi\u0105gamy znacz\u0105ce w mie\u015bcie i rejonie sukcesy sportowe, a ponadto rozwijamy wiedz\u0119 z przedmiot\u00f3w przyrodniczych. Uko\u0144czenie tej klasy daje mo\u017cliwo\u015b\u0107 studiowania na kierunkach takich jak: wychowanie fizyczne, fizjoterapia, trener personalny, dietetyka, kierunki geograficzno-turystyczne i inne.<\/span><\/p>\n<p class=\"cvGsUA direction-ltr align-justify para-style-body\"><span style=\"color: #ff00ff;\"><span class=\"a_GcMg font-feature-liga-off font-feature-clig-off font-feature-calt-off text-decoration-none text-strikethrough-none\">\u200b<\/span><span class=\"a_GcMg font-feature-liga-off font-feature-clig-off font-feature-calt-off text-decoration-none text-strikethrough-none\">Rozszerzone przedmioty:<\/span><\/span><span class=\"a_GcMg font-feature-liga-off font-feature-clig-off font-feature-calt-off text-decoration-none text-strikethrough-none\"> geografia i j\u0119zyk angielski\u200b<\/span><\/p>\n<p class=\"cvGsUA direction-ltr align-justify para-style-body\"><span class=\"a_GcMg font-feature-liga-off font-feature-clig-off font-feature-calt-off text-decoration-none text-strikethrough-none\">j\u0119zyki <\/span><span class=\"a_GcMg font-feature-liga-off font-feature-clig-off font-feature-calt-off text-decoration-none text-strikethrough-none\">: i j\u0119zyk : J. angielski,<\/span> <span class=\"a_GcMg font-feature-liga-off font-feature-clig-off font-feature-calt-off text-decoration-none text-strikethrough-none\">II j\u0119zyk: J. niemiecki<\/span><\/p>\n<p class=\"cvGsUA direction-ltr align-justify para-style-body\"><span class=\"a_GcMg font-feature-liga-off font-feature-clig-off font-feature-calt-off text-decoration-none text-strikethrough-none\"><span style=\"color: #ff00ff;\">Przedmioty dodatkowe:<\/span> <\/span> <span class=\"a_GcMg font-feature-liga-off font-feature-clig-off font-feature-calt-off text-decoration-none text-strikethrough-none\">dietetyka w sporcie, turystyka i rekreacja<\/span><\/p>\n\n\n\n\n","protected":false},"excerpt":{"rendered":"<p>Je\u015bli interesujesz si\u0119 sportem, aktywno\u015bci\u0105 fizyczn\u0105, zdrowym stylem \u017cycia i chcesz rozwija\u0107 swoje sportowe pasje wybierz t\u0119 klas\u0119! (W tej klasie jest zwi\u0119kszona ilo\u015b\u0107 godzin wychowania fizycznego). Stawiamy w niej na wszechstronny rozw\u00f3j, zdrowy styl \u017cycia, wyje\u017cd\u017camy na obozy sportowe, &hellip; <a href=\"https:\/\/asnyk.edu.pl\/?page_id=17637\">Czytaj dalej <span class=\"meta-nav\">&rarr;<\/span><\/a><\/p>\n","protected":false},"author":5,"featured_media":0,"parent":0,"menu_order":0,"comment_status":"closed","ping_status":"closed","template":"","meta":{"footnotes":"","_links_to":"","_links_to_target":""},"class_list":["post-17637","page","type-page","status-publish","hentry"],"_links":{"self":[{"href":"https:\/\/asnyk.edu.pl\/index.php?rest_route=\/wp\/v2\/pages\/17637","targetHints":{"allow":["GET"]}}],"collection":[{"href":"https:\/\/asnyk.edu.pl\/index.php?rest_route=\/wp\/v2\/pages"}],"about":[{"href":"https:\/\/asnyk.edu.pl\/index.php?rest_route=\/wp\/v2\/types\/page"}],"author":[{"embeddable":true,"href":"https:\/\/asnyk.edu.pl\/index.php?rest_route=\/wp\/v2\/users\/5"}],"replies":[{"embeddable":true,"href":"https:\/\/asnyk.edu.pl\/index.php?rest_route=%2Fwp%2Fv2%2Fcomments&post=17637"}],"version-history":[{"count":1,"href":"https:\/\/asnyk.edu.pl\/index.php?rest_route=\/wp\/v2\/pages\/17637\/revisions"}],"predecessor-version":[{"id":17639,"href":"https:\/\/asnyk.edu.pl\/index.php?rest_route=\/wp\/v2\/pages\/17637\/revisions\/17639"}],"wp:attachment":[{"href":"https:\/\/asnyk.edu.pl\/index.php?rest_route=%2Fwp%2Fv2%2Fmedia&parent=17637"}],"curies":[{"name":"wp","href":"https:\/\/api.w.org\/{rel}","templated":true}]}}