{"id":17629,"date":"2026-03-06T11:50:59","date_gmt":"2026-03-06T11:50:59","guid":{"rendered":"https:\/\/asnyk.edu.pl\/?page_id=17629"},"modified":"2026-03-06T11:50:59","modified_gmt":"2026-03-06T11:50:59","slug":"klasa-1a","status":"publish","type":"page","link":"https:\/\/asnyk.edu.pl\/?page_id=17629","title":{"rendered":"Klasa 1A"},"content":{"rendered":"\n<figure class=\"wp-block-image size-full\"><img loading=\"lazy\" decoding=\"async\" width=\"1392\" height=\"177\" src=\"https:\/\/asnyk.edu.pl\/wp-content\/uploads\/2026\/03\/1.png\" alt=\"\" class=\"wp-image-17634\" srcset=\"https:\/\/asnyk.edu.pl\/wp-content\/uploads\/2026\/03\/1.png 1392w, https:\/\/asnyk.edu.pl\/wp-content\/uploads\/2026\/03\/1-505x64.png 505w, https:\/\/asnyk.edu.pl\/wp-content\/uploads\/2026\/03\/1-205x26.png 205w, https:\/\/asnyk.edu.pl\/wp-content\/uploads\/2026\/03\/1-768x98.png 768w, https:\/\/asnyk.edu.pl\/wp-content\/uploads\/2026\/03\/1-500x64.png 500w\" sizes=\"auto, (max-width: 1392px) 100vw, 1392px\" \/><\/figure>\n\n\n\n<p class=\"cvGsUA direction-ltr align-justify para-style-body\"><span class=\"a_GcMg font-feature-liga-off font-feature-clig-off font-feature-calt-off text-decoration-none text-strikethrough-none\">To klasa, w kt\u00f3rej uczniowie uzyskuj\u0105 wiedz\u0119 na temat szeroko poj\u0119tej humanistyki, wsp\u00f3\u0142czesnych medi\u00f3w, dziennikarstwa czy mechanizm\u00f3w dzia\u0142ania prawa. Przygotowuje do kontynuowania nauki na kierunkach zwi\u0105zanych z mediami, dziennikarstwem, prawem, stosunkami mi\u0119dzynarodowymi, politologi\u0105 oraz humanistycznych wszystkich specjalno\u015bci.<\/span><\/p>\n<p class=\"cvGsUA direction-ltr align-justify para-style-body\"><span class=\"a_GcMg font-feature-liga-off font-feature-clig-off font-feature-calt-off text-decoration-none text-strikethrough-none\" style=\"color: #ff00ff;\">Rozszerzone przedmioty<\/span><span class=\"a_GcMg font-feature-liga-off font-feature-clig-off font-feature-calt-off text-decoration-none text-strikethrough-none\"><span style=\"color: #ff00ff;\">:<\/span> j\u0119zyk angielski, historia, j\u0119zyk polski<\/span><\/p>\n<p class=\"cvGsUA direction-ltr align-justify para-style-body\"><span class=\"a_GcMg font-feature-liga-off font-feature-clig-off font-feature-calt-off text-decoration-none text-strikethrough-none\">j\u0119zyki:<\/span><span class=\"a_GcMg font-feature-liga-off font-feature-clig-off font-feature-calt-off text-decoration-none text-strikethrough-none\"> i j\u0119zyk angielski, II j\u0119zyk (do wyboru) : j\u0119zyk<\/span> <span class=\"a_GcMg font-feature-liga-off font-feature-clig-off font-feature-calt-off text-decoration-none text-strikethrough-none\">w\u0142oski lub hiszpa\u0144ski<\/span><\/p>\n<p class=\"cvGsUA direction-ltr align-justify para-style-body\"><span class=\"a_GcMg font-feature-liga-off font-feature-clig-off font-feature-calt-off text-decoration-none text-strikethrough-none\" style=\"color: #8b07f0;\">Przedmioty dodatkowe: <\/span><span class=\"a_GcMg font-feature-liga-off font-feature-clig-off font-feature-calt-off text-decoration-none text-strikethrough-none\">historia i podstawy dziennikarstwa i komunikacji spo\u0142ecznej oraz podstawy filozofii<\/span><\/p>\n\n\n\n\n\n\n","protected":false},"excerpt":{"rendered":"<p>To klasa, w kt\u00f3rej uczniowie uzyskuj\u0105 wiedz\u0119 na temat szeroko poj\u0119tej humanistyki, wsp\u00f3\u0142czesnych medi\u00f3w, dziennikarstwa czy mechanizm\u00f3w dzia\u0142ania prawa. Przygotowuje do kontynuowania nauki na kierunkach zwi\u0105zanych z mediami, dziennikarstwem, prawem, stosunkami mi\u0119dzynarodowymi, politologi\u0105 oraz humanistycznych wszystkich specjalno\u015bci. Rozszerzone przedmioty: j\u0119zyk &hellip; <a href=\"https:\/\/asnyk.edu.pl\/?page_id=17629\">Czytaj dalej <span class=\"meta-nav\">&rarr;<\/span><\/a><\/p>\n","protected":false},"author":5,"featured_media":0,"parent":0,"menu_order":0,"comment_status":"closed","ping_status":"closed","template":"","meta":{"footnotes":"","_links_to":"","_links_to_target":""},"class_list":["post-17629","page","type-page","status-publish","hentry"],"_links":{"self":[{"href":"https:\/\/asnyk.edu.pl\/index.php?rest_route=\/wp\/v2\/pages\/17629","targetHints":{"allow":["GET"]}}],"collection":[{"href":"https:\/\/asnyk.edu.pl\/index.php?rest_route=\/wp\/v2\/pages"}],"about":[{"href":"https:\/\/asnyk.edu.pl\/index.php?rest_route=\/wp\/v2\/types\/page"}],"author":[{"embeddable":true,"href":"https:\/\/asnyk.edu.pl\/index.php?rest_route=\/wp\/v2\/users\/5"}],"replies":[{"embeddable":true,"href":"https:\/\/asnyk.edu.pl\/index.php?rest_route=%2Fwp%2Fv2%2Fcomments&post=17629"}],"version-history":[{"count":3,"href":"https:\/\/asnyk.edu.pl\/index.php?rest_route=\/wp\/v2\/pages\/17629\/revisions"}],"predecessor-version":[{"id":17636,"href":"https:\/\/asnyk.edu.pl\/index.php?rest_route=\/wp\/v2\/pages\/17629\/revisions\/17636"}],"wp:attachment":[{"href":"https:\/\/asnyk.edu.pl\/index.php?rest_route=%2Fwp%2Fv2%2Fmedia&parent=17629"}],"curies":[{"name":"wp","href":"https:\/\/api.w.org\/{rel}","templated":true}]}}