{"id":17596,"date":"2026-02-13T13:49:02","date_gmt":"2026-02-13T13:49:02","guid":{"rendered":"https:\/\/asnyk.edu.pl\/?page_id=17596"},"modified":"2026-03-06T12:14:25","modified_gmt":"2026-03-06T12:14:25","slug":"rekrutacja-2026-2027","status":"publish","type":"page","link":"https:\/\/asnyk.edu.pl\/?page_id=17596","title":{"rendered":"Rekrutacja 2026 &#8211; 2027"},"content":{"rendered":"\n<p>Regulamin rekrutacji&nbsp;<a href=\"https:\/\/asnyk.edu.pl\/wp-content\/uploads\/2026\/02\/rekrutacja.pdf\"> &gt;&gt;pobierz&gt;&gt;<\/a><\/p>\n\n\n<div class=\"wp-block-image\">\n<figure class=\"aligncenter size-medium\"><a href=\"https:\/\/asnyk.edu.pl\/?page_id=17629\"><img loading=\"lazy\" decoding=\"async\" width=\"505\" height=\"168\" src=\"https:\/\/asnyk.edu.pl\/wp-content\/uploads\/2026\/03\/1-4-505x168.png\" alt=\"\" class=\"wp-image-17646\" srcset=\"https:\/\/asnyk.edu.pl\/wp-content\/uploads\/2026\/03\/1-4-505x168.png 505w, https:\/\/asnyk.edu.pl\/wp-content\/uploads\/2026\/03\/1-4-205x68.png 205w, https:\/\/asnyk.edu.pl\/wp-content\/uploads\/2026\/03\/1-4-500x166.png 500w, https:\/\/asnyk.edu.pl\/wp-content\/uploads\/2026\/03\/1-4.png 765w\" sizes=\"auto, (max-width: 505px) 100vw, 505px\" \/><\/a><\/figure>\n<\/div>\n\n<div class=\"wp-block-image\">\n<figure class=\"aligncenter size-medium\"><a href=\"https:\/\/asnyk.edu.pl\/?page_id=17637\"><img loading=\"lazy\" decoding=\"async\" width=\"505\" height=\"172\" src=\"https:\/\/asnyk.edu.pl\/wp-content\/uploads\/2026\/03\/1-5-505x172.png\" alt=\"\" class=\"wp-image-17652\" srcset=\"https:\/\/asnyk.edu.pl\/wp-content\/uploads\/2026\/03\/1-5-505x172.png 505w, https:\/\/asnyk.edu.pl\/wp-content\/uploads\/2026\/03\/1-5-205x70.png 205w, https:\/\/asnyk.edu.pl\/wp-content\/uploads\/2026\/03\/1-5-768x261.png 768w, https:\/\/asnyk.edu.pl\/wp-content\/uploads\/2026\/03\/1-5-500x170.png 500w, https:\/\/asnyk.edu.pl\/wp-content\/uploads\/2026\/03\/1-5.png 779w\" sizes=\"auto, (max-width: 505px) 100vw, 505px\" \/><\/a><\/figure>\n<\/div>\n\n<div class=\"wp-block-image\">\n<figure class=\"aligncenter size-medium\"><a href=\"https:\/\/asnyk.edu.pl\/?page_id=17640\"><img loading=\"lazy\" decoding=\"async\" width=\"505\" height=\"172\" src=\"https:\/\/asnyk.edu.pl\/wp-content\/uploads\/2026\/03\/1-6-505x172.png\" alt=\"\" class=\"wp-image-17657\" srcset=\"https:\/\/asnyk.edu.pl\/wp-content\/uploads\/2026\/03\/1-6-505x172.png 505w, https:\/\/asnyk.edu.pl\/wp-content\/uploads\/2026\/03\/1-6-205x70.png 205w, https:\/\/asnyk.edu.pl\/wp-content\/uploads\/2026\/03\/1-6-768x262.png 768w, https:\/\/asnyk.edu.pl\/wp-content\/uploads\/2026\/03\/1-6-500x170.png 500w, https:\/\/asnyk.edu.pl\/wp-content\/uploads\/2026\/03\/1-6.png 804w\" sizes=\"auto, (max-width: 505px) 100vw, 505px\" \/><\/a><\/figure>\n<\/div>\n\n<div class=\"wp-block-image\">\n<figure class=\"aligncenter size-medium\"><a href=\"https:\/\/asnyk.edu.pl\/?page_id=17643\"><img loading=\"lazy\" decoding=\"async\" width=\"505\" height=\"175\" src=\"https:\/\/asnyk.edu.pl\/wp-content\/uploads\/2026\/03\/1-7-505x175.png\" alt=\"\" class=\"wp-image-17662\" srcset=\"https:\/\/asnyk.edu.pl\/wp-content\/uploads\/2026\/03\/1-7-505x175.png 505w, https:\/\/asnyk.edu.pl\/wp-content\/uploads\/2026\/03\/1-7-205x71.png 205w, https:\/\/asnyk.edu.pl\/wp-content\/uploads\/2026\/03\/1-7-768x267.png 768w, https:\/\/asnyk.edu.pl\/wp-content\/uploads\/2026\/03\/1-7-500x174.png 500w, https:\/\/asnyk.edu.pl\/wp-content\/uploads\/2026\/03\/1-7.png 821w\" sizes=\"auto, (max-width: 505px) 100vw, 505px\" \/><\/a><\/figure>\n<\/div>\n\n\n<p class=\"has-text-align-center\">HARMONOGRAM DZIA\u0141A\u0143 DOTYCZ\u0104CYCH REKRUTACJI<\/p>\n\n\n<div class=\"wp-block-image\">\n<figure class=\"aligncenter size-full\"><img loading=\"lazy\" decoding=\"async\" width=\"886\" height=\"745\" src=\"https:\/\/asnyk.edu.pl\/wp-content\/uploads\/2026\/02\/1.png\" alt=\"\" class=\"wp-image-17598\" srcset=\"https:\/\/asnyk.edu.pl\/wp-content\/uploads\/2026\/02\/1.png 886w, https:\/\/asnyk.edu.pl\/wp-content\/uploads\/2026\/02\/1-505x425.png 505w, https:\/\/asnyk.edu.pl\/wp-content\/uploads\/2026\/02\/1-205x172.png 205w, https:\/\/asnyk.edu.pl\/wp-content\/uploads\/2026\/02\/1-768x646.png 768w, https:\/\/asnyk.edu.pl\/wp-content\/uploads\/2026\/02\/1-357x300.png 357w\" sizes=\"auto, (max-width: 886px) 100vw, 886px\" \/><\/figure>\n<\/div>\n\n<div class=\"wp-block-image\">\n<figure class=\"aligncenter size-medium\"><img loading=\"lazy\" decoding=\"async\" width=\"357\" height=\"505\" src=\"https:\/\/asnyk.edu.pl\/wp-content\/uploads\/2026\/03\/Dzien-otwarty-9-kwietnia-2025-r.-godzina-1200-Zapraszamy-357x505.png\" alt=\"\" class=\"wp-image-17671\" srcset=\"https:\/\/asnyk.edu.pl\/wp-content\/uploads\/2026\/03\/Dzien-otwarty-9-kwietnia-2025-r.-godzina-1200-Zapraszamy-357x505.png 357w, https:\/\/asnyk.edu.pl\/wp-content\/uploads\/2026\/03\/Dzien-otwarty-9-kwietnia-2025-r.-godzina-1200-Zapraszamy-848x1200.png 848w, https:\/\/asnyk.edu.pl\/wp-content\/uploads\/2026\/03\/Dzien-otwarty-9-kwietnia-2025-r.-godzina-1200-Zapraszamy-145x205.png 145w, https:\/\/asnyk.edu.pl\/wp-content\/uploads\/2026\/03\/Dzien-otwarty-9-kwietnia-2025-r.-godzina-1200-Zapraszamy-768x1086.png 768w, https:\/\/asnyk.edu.pl\/wp-content\/uploads\/2026\/03\/Dzien-otwarty-9-kwietnia-2025-r.-godzina-1200-Zapraszamy-1086x1536.png 1086w, https:\/\/asnyk.edu.pl\/wp-content\/uploads\/2026\/03\/Dzien-otwarty-9-kwietnia-2025-r.-godzina-1200-Zapraszamy-1448x2048.png 1448w, https:\/\/asnyk.edu.pl\/wp-content\/uploads\/2026\/03\/Dzien-otwarty-9-kwietnia-2025-r.-godzina-1200-Zapraszamy-212x300.png 212w, https:\/\/asnyk.edu.pl\/wp-content\/uploads\/2026\/03\/Dzien-otwarty-9-kwietnia-2025-r.-godzina-1200-Zapraszamy.png 1587w\" sizes=\"auto, (max-width: 357px) 100vw, 357px\" \/><\/figure>\n<\/div>\n\n\n\n","protected":false},"excerpt":{"rendered":"<p>Regulamin rekrutacji&nbsp; &gt;&gt;pobierz&gt;&gt; HARMONOGRAM DZIA\u0141A\u0143 DOTYCZ\u0104CYCH REKRUTACJI<\/p>\n","protected":false},"author":5,"featured_media":0,"parent":0,"menu_order":0,"comment_status":"closed","ping_status":"closed","template":"","meta":{"footnotes":"","_links_to":"","_links_to_target":""},"class_list":["post-17596","page","type-page","status-publish","hentry"],"_links":{"self":[{"href":"https:\/\/asnyk.edu.pl\/index.php?rest_route=\/wp\/v2\/pages\/17596","targetHints":{"allow":["GET"]}}],"collection":[{"href":"https:\/\/asnyk.edu.pl\/index.php?rest_route=\/wp\/v2\/pages"}],"about":[{"href":"https:\/\/asnyk.edu.pl\/index.php?rest_route=\/wp\/v2\/types\/page"}],"author":[{"embeddable":true,"href":"https:\/\/asnyk.edu.pl\/index.php?rest_route=\/wp\/v2\/users\/5"}],"replies":[{"embeddable":true,"href":"https:\/\/asnyk.edu.pl\/index.php?rest_route=%2Fwp%2Fv2%2Fcomments&post=17596"}],"version-history":[{"count":15,"href":"https:\/\/asnyk.edu.pl\/index.php?rest_route=\/wp\/v2\/pages\/17596\/revisions"}],"predecessor-version":[{"id":17674,"href":"https:\/\/asnyk.edu.pl\/index.php?rest_route=\/wp\/v2\/pages\/17596\/revisions\/17674"}],"wp:attachment":[{"href":"https:\/\/asnyk.edu.pl\/index.php?rest_route=%2Fwp%2Fv2%2Fmedia&parent=17596"}],"curies":[{"name":"wp","href":"https:\/\/api.w.org\/{rel}","templated":true}]}}