{"id":1041,"date":"2019-04-30T09:57:43","date_gmt":"2019-04-30T09:57:43","guid":{"rendered":"http:\/\/asnyk.edu.pl\/?page_id=1041"},"modified":"2019-06-10T12:59:04","modified_gmt":"2019-06-10T12:59:04","slug":"szkola-rownych-szans","status":"publish","type":"page","link":"https:\/\/asnyk.edu.pl\/?page_id=1041","title":{"rendered":"Szko\u0142a r\u00f3wnych szans"},"content":{"rendered":"\n<p><strong>Szko\u0142a\nr\u00f3wnych szans<\/strong><\/p>\n\n\n\n<p>Projekt z\u0142o\u017cony w odpowiedzi na\nkonkurs nr RPSL.11.01.04-IZ.01-24-214\/17 w ramach Regionalnego Programu\nOperacyjnego Wojew\u00f3dztwa \u015al\u0105skiego na lata 2014-2020 Osi priorytetowej XI\nWzmocnienie potencja\u0142u edukacyjnego, Dzia\u0142ania 11.1. Ograniczenie\nprzedwczesnego ko\u0144czenia nauki szkolnej oraz zapewnienie r\u00f3wnego dost\u0119pu do\ndobrej jako\u015bci edukacji elementarnej, kszta\u0142cenia podstawowego i \u015bredniego\nPoddzia\u0142ania 11.1.4. Poprawa efektywno\u015bci kszta\u0142cenia og\u00f3lnego \u2013 konkurs.<\/p>\n\n\n\n<p>Projekt pt.: \u201eSzko\u0142a\nr\u00f3wnych szans skierowany b\u0119dzie do 10 szk\u00f3\u0142 publicznych realizuj\u0105cych podstaw\u0119\nprogramow\u0105 kszta\u0142cenia og\u00f3lnego dla kt\u00f3rych organem prowadz\u0105cym jest Gmina\nBielsko-Bia\u0142a oraz do 632 uczni\u00f3w tych plac\u00f3wek (339dziewczynek). W projekcie\nza\u0142o\u017cono r\u00f3wnie\u017c udzia\u0142 28 uczni\u00f3w ze specjalnymi potrzebami edukacyjnymi, w\ntym dzieci <br>\nz niepe\u0142nosprawno\u015bciami.<\/p>\n\n\n\n<p>Cel g\u0142\u00f3wny: Wzrost kompetencji\nkluczowych niezb\u0119dnych na rynku pracy 632 uczni\u00f3w <br>\ni uczennic ucz\u0119szczaj\u0105cych do plac\u00f3wek edukacyjnych w M. Bielsko-Bia\u0142a oraz podniesienie\nefektywno\u015bci kszta\u0142cenia w zakresie przedmiot\u00f3w przyrodniczych oraz matematyki <br>\ni stworzenie w 10 szko\u0142ach obj\u0119tych projektem warunk\u00f3w dla nauczania opartego\nna metodzie eksperymentu, w okresie 01.09.2018 do 30.06.2020r.<\/p>\n\n\n\n<p>Szko\u0142y bior\u0105ce udzia\u0142 w projekcie:<\/p>\n\n\n\n<ul class=\"wp-block-list\"><li>Szko\u0142a Podstawowa nr 4 w Bielsku-Bia\u0142ej<\/li><li>Szko\u0142a\nPodstawowa nr 9 im. Tadeusza Ko\u015bciuszki w Bielsku-Bia\u0142ej<\/li><li>Szko\u0142a\nPodstawowa nr 28 Im. Gen. J\u00f3zefa Kustronia w Bielsku-Bia\u0142ej<\/li><li>Szko\u0142a\nPodstawowa nr 29 Im. Janusza Korczaka w Bielsku-Bia\u0142ej<\/li><li>Szko\u0142a Podstawowa\nnr 32 Im. Jana Iii Sobieskiego w Bielsku-Bia\u0142ej<\/li><li>Szko\u0142a\nPodstawowa nr 38 w Bielsku-Bia\u0142ej<\/li><li>I Liceum\nOg\u00f3lnokszta\u0142c\u0105ce im. Miko\u0142aja Kopernika w Bielsku-Bia\u0142ej<\/li><li>II Liceum\nOg\u00f3lnokszta\u0142c\u0105ce w Bielsku-Bia\u0142ej<\/li><li>IV Liceum\nOg\u00f3lnokszta\u0142c\u0105ce Im. Komisji Edukacji Narodowej w Bielsku &#8211; Bia\u0142ej<\/li><li>VI Liceum Og\u00f3lnokszta\u0142c\u0105ce z Oddz. Integracyjnymi im.\nArmii Krajowej w Bielsku-Bia\u0142ej<\/li><\/ul>\n\n\n\n<p>W ramach przedmiotowego projektu w szko\u0142ach\nplanowane s\u0105 dzia\u0142ania ukierunkowane na popraw\u0119 jako\u015bci i efektywno\u015bci edukacji\npoprzez:<\/p>\n\n\n\n<p>&#8211; kszta\u0142towanie i rozwijanie u\nuczni\u00f3w kompetencji kluczowych niezb\u0119dnych na rynku pracy oraz kreatywno\u015bci,\ninnowacyjno\u015bci i pracy zespo\u0142owej, w tym doradztwo edukacyjno-zawodowe dla\nuczni\u00f3w (realizacja projekt\u00f3w edukacyjnych, dodatkowych zaj\u0119\u0107 dydaktyczno-wyr\u00f3wnawczych,\nwdro\u017cenie nowych form i program\u00f3w nauczania, tworzenie zaj\u0119\u0107 <br>\no nowatorskich rozwi\u0105zaniach&nbsp;\nprogramowych, organizacja k\u00f3\u0142ek zainteresowa\u0144, warsztat\u00f3w, laboratori\u00f3w,\ndoradztwo edukacyjno-zawodowe, realizacja zaj\u0119\u0107 organizowanych poza lekcjami\nlub poza szko\u0142\u0105)<\/p>\n\n\n\n<p>&#8211; tworzenie w szko\u0142ach warunk\u00f3w do\nnauczania opartego na metodzie eksperymentu <br>\nw powi\u0105zaniu z zaplanowanymi w projekcie zaj\u0119ciami ( wyposa\u017cenie szkolnych\npracowni <br>\nw narz\u0119dzia do nauczania przedmiot\u00f3w matematycznych lub przyrodniczych, doskonalenie\numiej\u0119tno\u015bci kompetencji lub kwalifikacji zawodowych nauczycieli niezb\u0119dnych do\nprowadzenie procesu nauczania opartego na metodzie eksperymentu, kszta\u0142towanie <br>\ni rozwijanie kompetencji uczni\u00f3w lub s\u0142uchaczy w zakresie przedmiot\u00f3w\nprzyrodniczych lub matematyki)<\/p>\n\n\n\n<p><strong>Ca\u0142kowita warto\u015b\u0107 projektu: 987 850,00 PLN w tym:<\/strong><\/p>\n\n\n\n<p>P\u0142atno\u015b\u0107 ze \u015brodk\u00f3w europejskich w kwocie &nbsp;839 672,50 PLN<\/p>\n\n\n\n<p>Dotacja celowa z bud\u017cetu pa\u0144stwa 49 392,50 PLN<\/p>\n\n\n\n<p>Wk\u0142ad w\u0142asny Miasta Bielsko-Bia\u0142a 98 785,00 PLN<\/p>\n\n\n\n<p>REGULAMIN PROJEKTU<\/p>\n\n\n\n<figure class=\"wp-block-image\"><img loading=\"lazy\" decoding=\"async\" width=\"1500\" height=\"1061\" src=\"http:\/\/asnyk.edu.pl\/wp-content\/uploads\/2019\/06\/171214_EFS_plakat-poziom-1500x1061.jpg\" alt=\"\" class=\"wp-image-1117\" srcset=\"https:\/\/asnyk.edu.pl\/wp-content\/uploads\/2019\/06\/171214_EFS_plakat-poziom-1500x1061.jpg 1500w, https:\/\/asnyk.edu.pl\/wp-content\/uploads\/2019\/06\/171214_EFS_plakat-poziom-200x141.jpg 200w, https:\/\/asnyk.edu.pl\/wp-content\/uploads\/2019\/06\/171214_EFS_plakat-poziom-500x354.jpg 500w, https:\/\/asnyk.edu.pl\/wp-content\/uploads\/2019\/06\/171214_EFS_plakat-poziom-768x543.jpg 768w, https:\/\/asnyk.edu.pl\/wp-content\/uploads\/2019\/06\/171214_EFS_plakat-poziom-424x300.jpg 424w\" sizes=\"auto, (max-width: 1500px) 100vw, 1500px\" \/><\/figure>\n\n\n\n<p>Regulamin projektu &#8222;Szko\u0142a r\u00f3wnych szans&#8221; mo\u017cna przeczyta\u0107 klikaj\u0105c&nbsp;<a rel=\"noreferrer noopener\" href=\"http:\/\/g14bbjp2.nazwa.pl\/reg_srs.pdf\" target=\"_blank\"><strong>tutaj&nbsp;<\/strong><\/a><\/p>\n","protected":false},"excerpt":{"rendered":"<p>Szko\u0142a r\u00f3wnych szans Projekt z\u0142o\u017cony w odpowiedzi na konkurs nr RPSL.11.01.04-IZ.01-24-214\/17 w ramach Regionalnego Programu Operacyjnego Wojew\u00f3dztwa \u015al\u0105skiego na lata 2014-2020 Osi priorytetowej XI Wzmocnienie potencja\u0142u edukacyjnego, Dzia\u0142ania 11.1. Ograniczenie przedwczesnego ko\u0144czenia nauki szkolnej oraz zapewnienie r\u00f3wnego dost\u0119pu do dobrej &hellip; <a href=\"https:\/\/asnyk.edu.pl\/?page_id=1041\">Czytaj dalej <span class=\"meta-nav\">&rarr;<\/span><\/a><\/p>\n","protected":false},"author":5,"featured_media":0,"parent":0,"menu_order":0,"comment_status":"closed","ping_status":"closed","template":"","meta":{"footnotes":"","_links_to":"","_links_to_target":""},"class_list":["post-1041","page","type-page","status-publish","hentry"],"_links":{"self":[{"href":"https:\/\/asnyk.edu.pl\/index.php?rest_route=\/wp\/v2\/pages\/1041","targetHints":{"allow":["GET"]}}],"collection":[{"href":"https:\/\/asnyk.edu.pl\/index.php?rest_route=\/wp\/v2\/pages"}],"about":[{"href":"https:\/\/asnyk.edu.pl\/index.php?rest_route=\/wp\/v2\/types\/page"}],"author":[{"embeddable":true,"href":"https:\/\/asnyk.edu.pl\/index.php?rest_route=\/wp\/v2\/users\/5"}],"replies":[{"embeddable":true,"href":"https:\/\/asnyk.edu.pl\/index.php?rest_route=%2Fwp%2Fv2%2Fcomments&post=1041"}],"version-history":[{"count":4,"href":"https:\/\/asnyk.edu.pl\/index.php?rest_route=\/wp\/v2\/pages\/1041\/revisions"}],"predecessor-version":[{"id":1118,"href":"https:\/\/asnyk.edu.pl\/index.php?rest_route=\/wp\/v2\/pages\/1041\/revisions\/1118"}],"wp:attachment":[{"href":"https:\/\/asnyk.edu.pl\/index.php?rest_route=%2Fwp%2Fv2%2Fmedia&parent=1041"}],"curies":[{"name":"wp","href":"https:\/\/api.w.org\/{rel}","templated":true}]}}